{"id":4293,"date":"2026-03-22T05:39:31","date_gmt":"2026-03-22T05:39:31","guid":{"rendered":"https:\/\/todogyh.com\/?post_type=product&#038;p=4293"},"modified":"2026-04-30T15:22:10","modified_gmt":"2026-04-30T20:22:10","slug":"n3tflix-pr3mium-ip-peru-perfil","status":"publish","type":"product","link":"https:\/\/todogyh.com\/en\/product\/n3tflix-pr3mium-ip-peru-perfil\/","title":{"rendered":"N-Play Rojo Premium IP PER\u00da &#8211; perfil"},"content":{"rendered":"<p>\ud83c\udf7f Adquiere tu perfil de\u00a0<strong>NETFLIX PREMIUM IP PER\u00da &#8211; 1 PERFIL<\/strong>\u00a0y disfruta de una gran variedad de pel\u00edculas y series originales.<\/p>\n<p>\ud83c\udfac Series y pel\u00edculas; sin publicidad y sin l\u00edmite.<\/p>\n<p><span dir=\"auto\" style=\"vertical-align: inherit;\"><span dir=\"auto\" style=\"vertical-align: inherit;\">\ud83d\udcfd V\u00eddeo hasta 4K (Ultra HD) + HDR.<\/span><\/span><\/p>\n<p>\u2b07 Puedes descargar contenido en dispositivos compatibles.<\/p>\n<p>\ud83d\udd08 Audio espacial de Netflix.<\/p>\n<p>&nbsp;<\/p>\n<p>\ud83d\udd10 Para que tengas acceso al servicio te entregamos correo, contrase\u00f1a y PIN privado.<\/p>\n<p>\ud83d\udc64 Tendr\u00e1s tu perfil personal con tu nombre o el que desees.<\/p>\n<p>\ud83d\udcfa Podr\u00e1s usarlo en 1 dispositivo, estando prohibido el uso en simult\u00e1neo en 2 dispositivos.<\/p>\n<p>\ud83d\uddd3 El tiempo de alquiler es de 1 mes.<\/p>\n<p>\u267b Todas nuestras cuentas son RENOVABLES y 100% ESTABLES, porque son de facturaci\u00f3n peruana \ud83c\uddf5\ud83c\uddea (no son cuentas sacadas por m\u00e9todos, cortes\u00edas, proveedores, ni terceros)<\/p>\n<p>\u2705 Estando a que Netflix usa el geobloqueo para evitar el uso compartido de las cuentas, te damos acceso a una web donde podr\u00e1s encontrar los c\u00f3digos de desbloqueo, as\u00ed, t\u00fa mismo podr\u00e1s solucionar esos inconvenientes generados por la misma plataforma; por ese motivo queda prohibido activar en 2 TV.<\/p>\n<p><span dir=\"auto\" style=\"vertical-align: inherit;\"><span dir=\"auto\" style=\"vertical-align: inherit;\">\ud83d\udcb3 M\u00e9todos de pago: Yape, Plin, Dale (Lemon) y Prexpe.<\/span><\/span><\/p>\n<p>\ud83d\udcbb Con soporte y garant\u00eda por el ti<span style=\"font-size: 16px;\">empo contratado.<\/span><\/p>","protected":false},"excerpt":{"rendered":"<p>\ud83c\udf7f Adquiere tu perfil de\u00a0NETFLIX PREMIUM IP PER\u00da &#8211; 1 PERFIL\u00a0y disfruta de una gran variedad de pel\u00edculas y series originales. \ud83c\udfac Series y pel\u00edculas; sin publicidad y sin l\u00edmite. \ud83d\udcfd V\u00eddeo hasta 4K (Ultra HD) + HDR. \u2b07 Puedes descargar contenido en dispositivos compatibles. \ud83d\udd08 Audio espacial de Netflix. &nbsp; \ud83d\udd10 Para que tengas [&hellip;]<\/p>\n","protected":false},"featured_media":4294,"comment_status":"open","ping_status":"closed","template":"","meta":{"_uag_custom_page_level_css":"","ocean_post_layout":"","ocean_both_sidebars_style":"","ocean_both_sidebars_content_width":0,"ocean_both_sidebars_sidebars_width":0,"ocean_sidebar":"0","ocean_second_sidebar":"0","ocean_disable_margins":"enable","ocean_add_body_class":"","ocean_shortcode_before_top_bar":"","ocean_shortcode_after_top_bar":"","ocean_shortcode_before_header":"","ocean_shortcode_after_header":"","ocean_has_shortcode":"","ocean_shortcode_after_title":"","ocean_shortcode_before_footer_widgets":"","ocean_shortcode_after_footer_widgets":"","ocean_shortcode_before_footer_bottom":"","ocean_shortcode_after_footer_bottom":"","ocean_display_top_bar":"default","ocean_display_header":"default","ocean_header_style":"","ocean_center_header_left_menu":"0","ocean_custom_header_template":"0","ocean_custom_logo":0,"ocean_custom_retina_logo":0,"ocean_custom_logo_max_width":0,"ocean_custom_logo_tablet_max_width":0,"ocean_custom_logo_mobile_max_width":0,"ocean_custom_logo_max_height":0,"ocean_custom_logo_tablet_max_height":0,"ocean_custom_logo_mobile_max_height":0,"ocean_header_custom_menu":"0","ocean_menu_typo_font_family":"0","ocean_menu_typo_font_subset":"","ocean_menu_typo_font_size":0,"ocean_menu_typo_font_size_tablet":0,"ocean_menu_typo_font_size_mobile":0,"ocean_menu_typo_font_size_unit":"px","ocean_menu_typo_font_weight":"","ocean_menu_typo_font_weight_tablet":"","ocean_menu_typo_font_weight_mobile":"","ocean_menu_typo_transform":"","ocean_menu_typo_transform_tablet":"","ocean_menu_typo_transform_mobile":"","ocean_menu_typo_line_height":0,"ocean_menu_typo_line_height_tablet":0,"ocean_menu_typo_line_height_mobile":0,"ocean_menu_typo_line_height_unit":"","ocean_menu_typo_spacing":0,"ocean_menu_typo_spacing_tablet":0,"ocean_menu_typo_spacing_mobile":0,"ocean_menu_typo_spacing_unit":"","ocean_menu_link_color":"","ocean_menu_link_color_hover":"","ocean_menu_link_color_active":"","ocean_menu_link_background":"","ocean_menu_link_hover_background":"","ocean_menu_link_active_background":"","ocean_menu_social_links_bg":"","ocean_menu_social_hover_links_bg":"","ocean_menu_social_links_color":"","ocean_menu_social_hover_links_color":"","ocean_disable_title":"default","ocean_disable_heading":"default","ocean_post_title":"","ocean_post_subheading":"","ocean_post_title_style":"","ocean_post_title_background_color":"","ocean_post_title_background":0,"ocean_post_title_bg_image_position":"","ocean_post_title_bg_image_attachment":"","ocean_post_title_bg_image_repeat":"","ocean_post_title_bg_image_size":"","ocean_post_title_height":0,"ocean_post_title_bg_overlay":0.5,"ocean_post_title_bg_overlay_color":"","ocean_disable_breadcrumbs":"default","ocean_breadcrumbs_color":"","ocean_breadcrumbs_separator_color":"","ocean_breadcrumbs_links_color":"","ocean_breadcrumbs_links_hover_color":"","ocean_display_footer_widgets":"default","ocean_display_footer_bottom":"default","ocean_custom_footer_template":"0","_joinchat":[]},"product_brand":[],"product_cat":[52,39],"product_tag":[],"class_list":{"0":"post-4293","1":"product","2":"type-product","3":"status-publish","4":"has-post-thumbnail","6":"product_cat-peliculas-y-series","7":"product_cat-streaming","9":"entry","10":"has-media","12":"first","13":"instock","14":"sale","15":"featured","16":"shipping-taxable","17":"purchasable","18":"product-type-variable","19":"has-product-nav","20":"col","21":"span_1_of_4","22":"owp-content-center","23":"owp-thumbs-layout-horizontal","24":"owp-btn-normal","25":"owp-tabs-layout-horizontal","26":"has-no-thumbnails","28":"circle-sale"},"uagb_featured_image_src":{"full":["https:\/\/todogyh.com\/wp-content\/uploads\/2026\/03\/NETFLIX-CON-LA-MEJOR-COMPANIA-26-1-2026.png",1500,1500,false],"thumbnail":["https:\/\/todogyh.com\/wp-content\/uploads\/2026\/03\/NETFLIX-CON-LA-MEJOR-COMPANIA-26-1-2026-150x150.png",150,150,true],"medium":["https:\/\/todogyh.com\/wp-content\/uploads\/2026\/03\/NETFLIX-CON-LA-MEJOR-COMPANIA-26-1-2026-300x300.png",300,300,true],"medium_large":["https:\/\/todogyh.com\/wp-content\/uploads\/2026\/03\/NETFLIX-CON-LA-MEJOR-COMPANIA-26-1-2026-768x768.png",768,768,true],"large":["https:\/\/todogyh.com\/wp-content\/uploads\/2026\/03\/NETFLIX-CON-LA-MEJOR-COMPANIA-26-1-2026-1024x1024.png",1024,1024,true],"1536x1536":["https:\/\/todogyh.com\/wp-content\/uploads\/2026\/03\/NETFLIX-CON-LA-MEJOR-COMPANIA-26-1-2026.png",1500,1500,false],"2048x2048":["https:\/\/todogyh.com\/wp-content\/uploads\/2026\/03\/NETFLIX-CON-LA-MEJOR-COMPANIA-26-1-2026.png",1500,1500,false],"trp-custom-language-flag":["https:\/\/todogyh.com\/wp-content\/uploads\/2026\/03\/NETFLIX-CON-LA-MEJOR-COMPANIA-26-1-2026.png",12,12,false],"ocean-thumb-m":["https:\/\/todogyh.com\/wp-content\/uploads\/2026\/03\/NETFLIX-CON-LA-MEJOR-COMPANIA-26-1-2026.png",600,600,false],"ocean-thumb-ml":["https:\/\/todogyh.com\/wp-content\/uploads\/2026\/03\/NETFLIX-CON-LA-MEJOR-COMPANIA-26-1-2026.png",450,450,false],"ocean-thumb-l":["https:\/\/todogyh.com\/wp-content\/uploads\/2026\/03\/NETFLIX-CON-LA-MEJOR-COMPANIA-26-1-2026.png",700,700,false],"woocommerce_thumbnail":["https:\/\/todogyh.com\/wp-content\/uploads\/2026\/03\/NETFLIX-CON-LA-MEJOR-COMPANIA-26-1-2026-300x300.png",300,300,true],"woocommerce_single":["https:\/\/todogyh.com\/wp-content\/uploads\/2026\/03\/NETFLIX-CON-LA-MEJOR-COMPANIA-26-1-2026-600x600.png",600,600,true],"woocommerce_gallery_thumbnail":["https:\/\/todogyh.com\/wp-content\/uploads\/2026\/03\/NETFLIX-CON-LA-MEJOR-COMPANIA-26-1-2026-100x100.png",100,100,true]},"uagb_author_info":{"display_name":"todogyh@gmail.com","author_link":"https:\/\/todogyh.com\/en\/author\/"},"uagb_comment_info":0,"uagb_excerpt":"\ud83c\udf7f Adquiere tu perfil de\u00a0NETFLIX PREMIUM IP PER\u00da &#8211; 1 PERFIL\u00a0y disfruta de una gran variedad de pel\u00edculas y series originales. \ud83c\udfac Series y pel\u00edculas; sin publicidad y sin l\u00edmite. \ud83d\udcfd V\u00eddeo hasta 4K (Ultra HD) + HDR. \u2b07 Puedes descargar contenido en dispositivos compatibles. \ud83d\udd08 Audio espacial de Netflix. &nbsp; \ud83d\udd10 Para que tengas&hellip;","_links":{"self":[{"href":"https:\/\/todogyh.com\/en\/wp-json\/wp\/v2\/product\/4293","targetHints":{"allow":["GET"]}}],"collection":[{"href":"https:\/\/todogyh.com\/en\/wp-json\/wp\/v2\/product"}],"about":[{"href":"https:\/\/todogyh.com\/en\/wp-json\/wp\/v2\/types\/product"}],"replies":[{"embeddable":true,"href":"https:\/\/todogyh.com\/en\/wp-json\/wp\/v2\/comments?post=4293"}],"wp:featuredmedia":[{"embeddable":true,"href":"https:\/\/todogyh.com\/en\/wp-json\/wp\/v2\/media\/4294"}],"wp:attachment":[{"href":"https:\/\/todogyh.com\/en\/wp-json\/wp\/v2\/media?parent=4293"}],"wp:term":[{"taxonomy":"product_brand","embeddable":true,"href":"https:\/\/todogyh.com\/en\/wp-json\/wp\/v2\/product_brand?post=4293"},{"taxonomy":"product_cat","embeddable":true,"href":"https:\/\/todogyh.com\/en\/wp-json\/wp\/v2\/product_cat?post=4293"},{"taxonomy":"product_tag","embeddable":true,"href":"https:\/\/todogyh.com\/en\/wp-json\/wp\/v2\/product_tag?post=4293"}],"curies":[{"name":"wp","href":"https:\/\/api.w.org\/{rel}","templated":true}]}}