{"id":4451,"date":"2026-03-22T23:23:37","date_gmt":"2026-03-22T23:23:37","guid":{"rendered":"https:\/\/todogyh.com\/?post_type=product&#038;p=4451"},"modified":"2026-03-30T00:35:09","modified_gmt":"2026-03-30T05:35:09","slug":"hbo-max-platino-perfil","status":"publish","type":"product","link":"https:\/\/todogyh.com\/en\/product\/hbo-max-platino-perfil\/","title":{"rendered":"HBO MAX PLATINO &#8211; perfil"},"content":{"rendered":"<p><strong>\ud83c\udf7f\u00a0<em>HBO MAX PLATINO &#8211; 1 PERFIL<\/em><\/strong><\/p>\n<p>\ud83d\udca2\u00a0<em>Perfil a su nombre<\/em><\/p>\n<p>\ud83d\udcfa\u00a0<em>1 dispositivo<\/em><\/p>\n<p>\ud83d\uddd3\u00a0<em>30 d\u00edas<\/em><\/p>\n<p>\ud83d\udd10\u00a0<em>Se entrega correo, contrase\u00f1a y PIN<\/em><\/p>\n<p>\u2705\u00a0<em>Con garant\u00eda y soporte el tiempo contratado<\/em><\/p>\n<p>\u267b\u00a0<em>RENOVABLE<\/em><\/p>\n<p>&nbsp;<\/p>\n<p>HBO Max es una\u00a0<strong>plataforma de streaming bajo demanda propiedad de Warner Bros. Discovery que agrupa contenidos de diversas marcas como HBO, Warner Bros., DC Comics, Cartoon Network, Discovery y el Universo DC<\/strong>. Ofrece una amplia variedad de pel\u00edculas y series, tanto de producciones propias (Max Originals) como de terceros, cubriendo g\u00e9neros como drama, comedia, acci\u00f3n, documentales, realities y contenido infantil.<\/p>\n<p><strong>\u00bfQu\u00e9 tipo de contenido ofrece HBO Max?<\/strong><\/p>\n<ul>\n<li><u><strong>Series y pel\u00edculas de HBO<\/strong><\/u><strong>:<\/strong>Contiene el extenso cat\u00e1logo de producciones de HBO, reconocidas por su calidad.<\/li>\n<li><u><strong>Max Originals<\/strong><\/u><strong>:<\/strong>Producciones exclusivas para la plataforma, incluyendo series, pel\u00edculas y documentales.<\/li>\n<li><strong>Contenido de Warner Bros.:<\/strong>Pel\u00edculas y series del estudio, como las de la saga de Harry Potter y el universo DC.<\/li>\n<li><strong>Contenido de Cartoon Network:<\/strong>Series animadas para ni\u00f1os y toda la familia.<\/li>\n<li><u><strong>Contenido de Discovery<\/strong><\/u><strong>:<\/strong>Documentales, reality shows, true crime y otros programas del canal Discovery.<\/li>\n<\/ul>","protected":false},"excerpt":{"rendered":"<p>\ud83c\udf7f\u00a0HBO MAX PLATINO &#8211; 1 PERFIL \ud83d\udca2\u00a0Perfil a su nombre \ud83d\udcfa\u00a01 dispositivo \ud83d\uddd3\u00a030 d\u00edas \ud83d\udd10\u00a0Se entrega correo, contrase\u00f1a y PIN \u2705\u00a0Con garant\u00eda y soporte el tiempo contratado \u267b\u00a0RENOVABLE &nbsp; HBO Max es una\u00a0plataforma de streaming bajo demanda propiedad de Warner Bros. Discovery que agrupa contenidos de diversas marcas como HBO, Warner Bros., DC Comics, Cartoon [&hellip;]<\/p>\n","protected":false},"featured_media":4452,"comment_status":"open","ping_status":"closed","template":"","meta":{"_uag_custom_page_level_css":"","ocean_post_layout":"","ocean_both_sidebars_style":"","ocean_both_sidebars_content_width":0,"ocean_both_sidebars_sidebars_width":0,"ocean_sidebar":"0","ocean_second_sidebar":"0","ocean_disable_margins":"enable","ocean_add_body_class":"","ocean_shortcode_before_top_bar":"","ocean_shortcode_after_top_bar":"","ocean_shortcode_before_header":"","ocean_shortcode_after_header":"","ocean_has_shortcode":"","ocean_shortcode_after_title":"","ocean_shortcode_before_footer_widgets":"","ocean_shortcode_after_footer_widgets":"","ocean_shortcode_before_footer_bottom":"","ocean_shortcode_after_footer_bottom":"","ocean_display_top_bar":"default","ocean_display_header":"default","ocean_header_style":"","ocean_center_header_left_menu":"0","ocean_custom_header_template":"0","ocean_custom_logo":0,"ocean_custom_retina_logo":0,"ocean_custom_logo_max_width":0,"ocean_custom_logo_tablet_max_width":0,"ocean_custom_logo_mobile_max_width":0,"ocean_custom_logo_max_height":0,"ocean_custom_logo_tablet_max_height":0,"ocean_custom_logo_mobile_max_height":0,"ocean_header_custom_menu":"0","ocean_menu_typo_font_family":"0","ocean_menu_typo_font_subset":"","ocean_menu_typo_font_size":0,"ocean_menu_typo_font_size_tablet":0,"ocean_menu_typo_font_size_mobile":0,"ocean_menu_typo_font_size_unit":"px","ocean_menu_typo_font_weight":"","ocean_menu_typo_font_weight_tablet":"","ocean_menu_typo_font_weight_mobile":"","ocean_menu_typo_transform":"","ocean_menu_typo_transform_tablet":"","ocean_menu_typo_transform_mobile":"","ocean_menu_typo_line_height":0,"ocean_menu_typo_line_height_tablet":0,"ocean_menu_typo_line_height_mobile":0,"ocean_menu_typo_line_height_unit":"","ocean_menu_typo_spacing":0,"ocean_menu_typo_spacing_tablet":0,"ocean_menu_typo_spacing_mobile":0,"ocean_menu_typo_spacing_unit":"","ocean_menu_link_color":"","ocean_menu_link_color_hover":"","ocean_menu_link_color_active":"","ocean_menu_link_background":"","ocean_menu_link_hover_background":"","ocean_menu_link_active_background":"","ocean_menu_social_links_bg":"","ocean_menu_social_hover_links_bg":"","ocean_menu_social_links_color":"","ocean_menu_social_hover_links_color":"","ocean_disable_title":"default","ocean_disable_heading":"default","ocean_post_title":"","ocean_post_subheading":"","ocean_post_title_style":"","ocean_post_title_background_color":"","ocean_post_title_background":0,"ocean_post_title_bg_image_position":"","ocean_post_title_bg_image_attachment":"","ocean_post_title_bg_image_repeat":"","ocean_post_title_bg_image_size":"","ocean_post_title_height":0,"ocean_post_title_bg_overlay":0.5,"ocean_post_title_bg_overlay_color":"","ocean_disable_breadcrumbs":"default","ocean_breadcrumbs_color":"","ocean_breadcrumbs_separator_color":"","ocean_breadcrumbs_links_color":"","ocean_breadcrumbs_links_hover_color":"","ocean_display_footer_widgets":"default","ocean_display_footer_bottom":"default","ocean_custom_footer_template":"0","_joinchat":[]},"product_brand":[],"product_cat":[52,39],"product_tag":[],"class_list":{"0":"post-4451","1":"product","2":"type-product","3":"status-publish","4":"has-post-thumbnail","6":"product_cat-peliculas-y-series","7":"product_cat-streaming","9":"entry","10":"has-media","12":"first","13":"instock","14":"sale","15":"shipping-taxable","16":"purchasable","17":"product-type-variable","18":"has-product-nav","19":"col","20":"span_1_of_4","21":"owp-content-center","22":"owp-thumbs-layout-horizontal","23":"owp-btn-normal","24":"owp-tabs-layout-horizontal","25":"has-no-thumbnails","27":"circle-sale"},"uagb_featured_image_src":{"full":["https:\/\/todogyh.com\/wp-content\/uploads\/2026\/03\/HBO-MAX-PLATINO-LO-NUEVO-MARZO-2026.png",1080,1350,false],"thumbnail":["https:\/\/todogyh.com\/wp-content\/uploads\/2026\/03\/HBO-MAX-PLATINO-LO-NUEVO-MARZO-2026-150x150.png",150,150,true],"medium":["https:\/\/todogyh.com\/wp-content\/uploads\/2026\/03\/HBO-MAX-PLATINO-LO-NUEVO-MARZO-2026-240x300.png",240,300,true],"medium_large":["https:\/\/todogyh.com\/wp-content\/uploads\/2026\/03\/HBO-MAX-PLATINO-LO-NUEVO-MARZO-2026-768x960.png",768,960,true],"large":["https:\/\/todogyh.com\/wp-content\/uploads\/2026\/03\/HBO-MAX-PLATINO-LO-NUEVO-MARZO-2026-819x1024.png",819,1024,true],"1536x1536":["https:\/\/todogyh.com\/wp-content\/uploads\/2026\/03\/HBO-MAX-PLATINO-LO-NUEVO-MARZO-2026.png",1080,1350,false],"2048x2048":["https:\/\/todogyh.com\/wp-content\/uploads\/2026\/03\/HBO-MAX-PLATINO-LO-NUEVO-MARZO-2026.png",1080,1350,false],"trp-custom-language-flag":["https:\/\/todogyh.com\/wp-content\/uploads\/2026\/03\/HBO-MAX-PLATINO-LO-NUEVO-MARZO-2026.png",10,12,false],"ocean-thumb-m":["https:\/\/todogyh.com\/wp-content\/uploads\/2026\/03\/HBO-MAX-PLATINO-LO-NUEVO-MARZO-2026-600x600.png",600,600,true],"ocean-thumb-ml":["https:\/\/todogyh.com\/wp-content\/uploads\/2026\/03\/HBO-MAX-PLATINO-LO-NUEVO-MARZO-2026-800x450.png",800,450,true],"ocean-thumb-l":["https:\/\/todogyh.com\/wp-content\/uploads\/2026\/03\/HBO-MAX-PLATINO-LO-NUEVO-MARZO-2026-1080x700.png",1080,700,true],"woocommerce_thumbnail":["https:\/\/todogyh.com\/wp-content\/uploads\/2026\/03\/HBO-MAX-PLATINO-LO-NUEVO-MARZO-2026-300x300.png",300,300,true],"woocommerce_single":["https:\/\/todogyh.com\/wp-content\/uploads\/2026\/03\/HBO-MAX-PLATINO-LO-NUEVO-MARZO-2026-600x750.png",600,750,true],"woocommerce_gallery_thumbnail":["https:\/\/todogyh.com\/wp-content\/uploads\/2026\/03\/HBO-MAX-PLATINO-LO-NUEVO-MARZO-2026-100x100.png",100,100,true]},"uagb_author_info":{"display_name":"todogyh@gmail.com","author_link":"https:\/\/todogyh.com\/en\/author\/"},"uagb_comment_info":0,"uagb_excerpt":"\ud83c\udf7f\u00a0HBO MAX PLATINO &#8211; 1 PERFIL \ud83d\udca2\u00a0Perfil a su nombre \ud83d\udcfa\u00a01 dispositivo \ud83d\uddd3\u00a030 d\u00edas \ud83d\udd10\u00a0Se entrega correo, contrase\u00f1a y PIN \u2705\u00a0Con garant\u00eda y soporte el tiempo contratado \u267b\u00a0RENOVABLE &nbsp; HBO Max es una\u00a0plataforma de streaming bajo demanda propiedad de Warner Bros. Discovery que agrupa contenidos de diversas marcas como HBO, Warner Bros., DC Comics, Cartoon&hellip;","_links":{"self":[{"href":"https:\/\/todogyh.com\/en\/wp-json\/wp\/v2\/product\/4451","targetHints":{"allow":["GET"]}}],"collection":[{"href":"https:\/\/todogyh.com\/en\/wp-json\/wp\/v2\/product"}],"about":[{"href":"https:\/\/todogyh.com\/en\/wp-json\/wp\/v2\/types\/product"}],"replies":[{"embeddable":true,"href":"https:\/\/todogyh.com\/en\/wp-json\/wp\/v2\/comments?post=4451"}],"wp:featuredmedia":[{"embeddable":true,"href":"https:\/\/todogyh.com\/en\/wp-json\/wp\/v2\/media\/4452"}],"wp:attachment":[{"href":"https:\/\/todogyh.com\/en\/wp-json\/wp\/v2\/media?parent=4451"}],"wp:term":[{"taxonomy":"product_brand","embeddable":true,"href":"https:\/\/todogyh.com\/en\/wp-json\/wp\/v2\/product_brand?post=4451"},{"taxonomy":"product_cat","embeddable":true,"href":"https:\/\/todogyh.com\/en\/wp-json\/wp\/v2\/product_cat?post=4451"},{"taxonomy":"product_tag","embeddable":true,"href":"https:\/\/todogyh.com\/en\/wp-json\/wp\/v2\/product_tag?post=4451"}],"curies":[{"name":"wp","href":"https:\/\/api.w.org\/{rel}","templated":true}]}}