{"id":4455,"date":"2026-03-22T23:34:56","date_gmt":"2026-03-22T23:34:56","guid":{"rendered":"https:\/\/todogyh.com\/?post_type=product&#038;p=4455"},"modified":"2026-04-30T15:22:26","modified_gmt":"2026-04-30T20:22:26","slug":"netflix-premium-ip-peru-perfil-tv","status":"publish","type":"product","link":"https:\/\/todogyh.com\/en\/product\/netflix-premium-ip-peru-perfil-tv\/","title":{"rendered":"N-Play Rojo Premium IP PER\u00da &#8211; perfil TV"},"content":{"rendered":"<p>\ud83c\udf7f<em>\u00a0Adquiere tu perfil de\u00a0<\/em><strong><em>NETFLIX PREMIUM IP PER\u00da &#8211; 1 PERFIL TV<\/em><\/strong><em>\u00a0y disfruta de una gran variedad de pel\u00edculas y series originales.<\/em><\/p>\n<p>\ud83c\udfac<em>\u00a0Series y pel\u00edculas; sin publicidad y sin l\u00edmite.<\/em><\/p>\n<p>\ud83d\udcfd<em>\u00a0Video hasta 4K (Ultra HD) + HDR.<\/em><\/p>\n<p>\u2b07\ufe0f<em>\u00a0Puedes descargar contenido en dispositivos compatibles.<\/em><\/p>\n<p>\ud83d\udd08<em>\u00a0Audio espacial de Netflix.<\/em><\/p>\n<p>&nbsp;<\/p>\n<p>\ud83d\udd10<em>\u00a0El servicio se activa por c\u00f3digo de TV, se entrega PIN privado.<\/em><\/p>\n<p>\ud83d\udca2<em>\u00a0Tendr\u00e1s tu perfil personal con tu nombre o el que desees.<\/em><\/p>\n<p>\ud83d\udcfa<em>\u00a0Podr\u00e1s usarlo en 1 TV.<\/em><\/p>\n<p>\ud83d\uddd3<em>\u00a0El tiempo de alquiler es de 1 mes.<\/em><\/p>\n<p>\u27a1<em>\u00a0Cabe precisar que en este plan no se entrega correo y contrase\u00f1a.<\/em><\/p>\n<p>\u267b<em>\u00a0Todas nuestras cuentas son RENOVABLES y 100% ESTABLES, porque son de facturaci\u00f3n peruana \ud83c\uddf5\ud83c\uddea (no son cuentas sacadas por m\u00e9todos, cortes\u00edas, proveedores, ni terceros)<\/em><\/p>\n<p>\u2705<em>\u00a0Estando a que Netflix usa el geobloqueo para evitar el uso compartido de las cuentas, te damos acceso a una web donde podr\u00e1s encontrar los c\u00f3digos de desbloqueo, as\u00ed, t\u00fa mismo podr\u00e1s solucionar esos inconvenientes generados por la misma plataforma.<\/em><\/p>\n<p><span dir=\"auto\" style=\"vertical-align: inherit;\">\ud83d\udcb3 M\u00e9todos de pago: Yape, Plin, Dale (Lemon) y Prexpe.<\/span><\/p>\n<p>\ud83d\udcbb<em>\u00a0Con soporte y garant\u00eda por el tiempo contratado.<\/em><\/p>","protected":false},"excerpt":{"rendered":"<p>\ud83c\udf7f\u00a0Adquiere tu perfil de\u00a0NETFLIX PREMIUM IP PER\u00da &#8211; 1 PERFIL TV\u00a0y disfruta de una gran variedad de pel\u00edculas y series originales. \ud83c\udfac\u00a0Series y pel\u00edculas; sin publicidad y sin l\u00edmite. \ud83d\udcfd\u00a0Video hasta 4K (Ultra HD) + HDR. \u2b07\ufe0f\u00a0Puedes descargar contenido en dispositivos compatibles. \ud83d\udd08\u00a0Audio espacial de Netflix. &nbsp; \ud83d\udd10\u00a0El servicio se activa por c\u00f3digo de TV, [&hellip;]<\/p>\n","protected":false},"featured_media":4456,"comment_status":"open","ping_status":"closed","template":"","meta":{"_uag_custom_page_level_css":"","ocean_post_layout":"","ocean_both_sidebars_style":"","ocean_both_sidebars_content_width":0,"ocean_both_sidebars_sidebars_width":0,"ocean_sidebar":"0","ocean_second_sidebar":"0","ocean_disable_margins":"enable","ocean_add_body_class":"","ocean_shortcode_before_top_bar":"","ocean_shortcode_after_top_bar":"","ocean_shortcode_before_header":"","ocean_shortcode_after_header":"","ocean_has_shortcode":"","ocean_shortcode_after_title":"","ocean_shortcode_before_footer_widgets":"","ocean_shortcode_after_footer_widgets":"","ocean_shortcode_before_footer_bottom":"","ocean_shortcode_after_footer_bottom":"","ocean_display_top_bar":"default","ocean_display_header":"default","ocean_header_style":"","ocean_center_header_left_menu":"0","ocean_custom_header_template":"0","ocean_custom_logo":0,"ocean_custom_retina_logo":0,"ocean_custom_logo_max_width":0,"ocean_custom_logo_tablet_max_width":0,"ocean_custom_logo_mobile_max_width":0,"ocean_custom_logo_max_height":0,"ocean_custom_logo_tablet_max_height":0,"ocean_custom_logo_mobile_max_height":0,"ocean_header_custom_menu":"0","ocean_menu_typo_font_family":"0","ocean_menu_typo_font_subset":"","ocean_menu_typo_font_size":0,"ocean_menu_typo_font_size_tablet":0,"ocean_menu_typo_font_size_mobile":0,"ocean_menu_typo_font_size_unit":"px","ocean_menu_typo_font_weight":"","ocean_menu_typo_font_weight_tablet":"","ocean_menu_typo_font_weight_mobile":"","ocean_menu_typo_transform":"","ocean_menu_typo_transform_tablet":"","ocean_menu_typo_transform_mobile":"","ocean_menu_typo_line_height":0,"ocean_menu_typo_line_height_tablet":0,"ocean_menu_typo_line_height_mobile":0,"ocean_menu_typo_line_height_unit":"","ocean_menu_typo_spacing":0,"ocean_menu_typo_spacing_tablet":0,"ocean_menu_typo_spacing_mobile":0,"ocean_menu_typo_spacing_unit":"","ocean_menu_link_color":"","ocean_menu_link_color_hover":"","ocean_menu_link_color_active":"","ocean_menu_link_background":"","ocean_menu_link_hover_background":"","ocean_menu_link_active_background":"","ocean_menu_social_links_bg":"","ocean_menu_social_hover_links_bg":"","ocean_menu_social_links_color":"","ocean_menu_social_hover_links_color":"","ocean_disable_title":"default","ocean_disable_heading":"default","ocean_post_title":"","ocean_post_subheading":"","ocean_post_title_style":"","ocean_post_title_background_color":"","ocean_post_title_background":0,"ocean_post_title_bg_image_position":"","ocean_post_title_bg_image_attachment":"","ocean_post_title_bg_image_repeat":"","ocean_post_title_bg_image_size":"","ocean_post_title_height":0,"ocean_post_title_bg_overlay":0.5,"ocean_post_title_bg_overlay_color":"","ocean_disable_breadcrumbs":"default","ocean_breadcrumbs_color":"","ocean_breadcrumbs_separator_color":"","ocean_breadcrumbs_links_color":"","ocean_breadcrumbs_links_hover_color":"","ocean_display_footer_widgets":"default","ocean_display_footer_bottom":"default","ocean_custom_footer_template":"0","_joinchat":[]},"product_brand":[],"product_cat":[52,39],"product_tag":[],"class_list":{"0":"post-4455","1":"product","2":"type-product","3":"status-publish","4":"has-post-thumbnail","6":"product_cat-peliculas-y-series","7":"product_cat-streaming","9":"entry","10":"has-media","12":"first","13":"instock","14":"sale","15":"shipping-taxable","16":"purchasable","17":"product-type-variable","18":"has-product-nav","19":"col","20":"span_1_of_4","21":"owp-content-center","22":"owp-thumbs-layout-horizontal","23":"owp-btn-normal","24":"owp-tabs-layout-horizontal","25":"has-no-thumbnails","27":"circle-sale"},"uagb_featured_image_src":{"full":["https:\/\/todogyh.com\/wp-content\/uploads\/2026\/03\/NETFLIX-PREMIUM-ACTIVACION-A-TV.png",1500,1500,false],"thumbnail":["https:\/\/todogyh.com\/wp-content\/uploads\/2026\/03\/NETFLIX-PREMIUM-ACTIVACION-A-TV-150x150.png",150,150,true],"medium":["https:\/\/todogyh.com\/wp-content\/uploads\/2026\/03\/NETFLIX-PREMIUM-ACTIVACION-A-TV-300x300.png",300,300,true],"medium_large":["https:\/\/todogyh.com\/wp-content\/uploads\/2026\/03\/NETFLIX-PREMIUM-ACTIVACION-A-TV-768x768.png",768,768,true],"large":["https:\/\/todogyh.com\/wp-content\/uploads\/2026\/03\/NETFLIX-PREMIUM-ACTIVACION-A-TV-1024x1024.png",1024,1024,true],"1536x1536":["https:\/\/todogyh.com\/wp-content\/uploads\/2026\/03\/NETFLIX-PREMIUM-ACTIVACION-A-TV.png",1500,1500,false],"2048x2048":["https:\/\/todogyh.com\/wp-content\/uploads\/2026\/03\/NETFLIX-PREMIUM-ACTIVACION-A-TV.png",1500,1500,false],"trp-custom-language-flag":["https:\/\/todogyh.com\/wp-content\/uploads\/2026\/03\/NETFLIX-PREMIUM-ACTIVACION-A-TV.png",12,12,false],"ocean-thumb-m":["https:\/\/todogyh.com\/wp-content\/uploads\/2026\/03\/NETFLIX-PREMIUM-ACTIVACION-A-TV-600x600.png",600,600,true],"ocean-thumb-ml":["https:\/\/todogyh.com\/wp-content\/uploads\/2026\/03\/NETFLIX-PREMIUM-ACTIVACION-A-TV-800x450.png",800,450,true],"ocean-thumb-l":["https:\/\/todogyh.com\/wp-content\/uploads\/2026\/03\/NETFLIX-PREMIUM-ACTIVACION-A-TV-1200x700.png",1200,700,true],"woocommerce_thumbnail":["https:\/\/todogyh.com\/wp-content\/uploads\/2026\/03\/NETFLIX-PREMIUM-ACTIVACION-A-TV-300x300.png",300,300,true],"woocommerce_single":["https:\/\/todogyh.com\/wp-content\/uploads\/2026\/03\/NETFLIX-PREMIUM-ACTIVACION-A-TV-600x600.png",600,600,true],"woocommerce_gallery_thumbnail":["https:\/\/todogyh.com\/wp-content\/uploads\/2026\/03\/NETFLIX-PREMIUM-ACTIVACION-A-TV-100x100.png",100,100,true]},"uagb_author_info":{"display_name":"todogyh@gmail.com","author_link":"https:\/\/todogyh.com\/en\/author\/"},"uagb_comment_info":0,"uagb_excerpt":"\ud83c\udf7f\u00a0Adquiere tu perfil de\u00a0NETFLIX PREMIUM IP PER\u00da &#8211; 1 PERFIL TV\u00a0y disfruta de una gran variedad de pel\u00edculas y series originales. \ud83c\udfac\u00a0Series y pel\u00edculas; sin publicidad y sin l\u00edmite. \ud83d\udcfd\u00a0Video hasta 4K (Ultra HD) + HDR. \u2b07\ufe0f\u00a0Puedes descargar contenido en dispositivos compatibles. \ud83d\udd08\u00a0Audio espacial de Netflix. &nbsp; \ud83d\udd10\u00a0El servicio se activa por c\u00f3digo de TV,&hellip;","_links":{"self":[{"href":"https:\/\/todogyh.com\/en\/wp-json\/wp\/v2\/product\/4455","targetHints":{"allow":["GET"]}}],"collection":[{"href":"https:\/\/todogyh.com\/en\/wp-json\/wp\/v2\/product"}],"about":[{"href":"https:\/\/todogyh.com\/en\/wp-json\/wp\/v2\/types\/product"}],"replies":[{"embeddable":true,"href":"https:\/\/todogyh.com\/en\/wp-json\/wp\/v2\/comments?post=4455"}],"wp:featuredmedia":[{"embeddable":true,"href":"https:\/\/todogyh.com\/en\/wp-json\/wp\/v2\/media\/4456"}],"wp:attachment":[{"href":"https:\/\/todogyh.com\/en\/wp-json\/wp\/v2\/media?parent=4455"}],"wp:term":[{"taxonomy":"product_brand","embeddable":true,"href":"https:\/\/todogyh.com\/en\/wp-json\/wp\/v2\/product_brand?post=4455"},{"taxonomy":"product_cat","embeddable":true,"href":"https:\/\/todogyh.com\/en\/wp-json\/wp\/v2\/product_cat?post=4455"},{"taxonomy":"product_tag","embeddable":true,"href":"https:\/\/todogyh.com\/en\/wp-json\/wp\/v2\/product_tag?post=4455"}],"curies":[{"name":"wp","href":"https:\/\/api.w.org\/{rel}","templated":true}]}}