{"id":4476,"date":"2026-03-22T23:57:50","date_gmt":"2026-03-22T23:57:50","guid":{"rendered":"https:\/\/todogyh.com\/?post_type=product&#038;p=4476"},"modified":"2026-03-30T01:11:34","modified_gmt":"2026-03-30T06:11:34","slug":"youtube-premium-ip-peru","status":"publish","type":"product","link":"https:\/\/todogyh.com\/en\/product\/youtube-premium-ip-peru\/","title":{"rendered":"YOUTUBE PREMIUM IP PER\u00da"},"content":{"rendered":"<p><strong>\ud83c\udfa7\u00a0<em>YOUTUBE PREMIUM IP PER\u00da<\/em>\u00a0\ud83c\udfa7<\/strong><\/p>\n<p>\ud83d\udcfa\u00a0<em>1 correo (perfil)<\/em><\/p>\n<p>\ud83d\uddd3\u00a0<em>1 mes<\/em><\/p>\n<p>\ud83d\udd10\u00a0<em>Activaci\u00f3n a correo personal, se agrega a plan familiar<\/em><\/p>\n<p>\u2705\u00a0<em>Con garant\u00eda y soporte el tiempo contratado<\/em><\/p>\n<p>\u267b\u00a0<em>RENOVABLE<\/em><\/p>\n<p>&#8211; &#8211; &#8211; &#8211; &#8211; &#8211; &#8211; &#8211; &#8211; &#8211; &#8211; &#8211; &#8211; &#8211; &#8211; &#8211; &#8211; &#8211; &#8211; &#8211; &#8211; &#8211; &#8211; &#8211; &#8211; &#8211; &#8211; &#8211; &#8211; &#8211; &#8211; &#8211; &#8211; &#8211; &#8211; &#8211; &#8211; &#8211; &#8211; &#8211; &#8211; &#8211; &#8211; &#8211; &#8211; &#8211; &#8211; &#8211; &#8211; &#8211; &#8211; &#8211; &#8211; &#8211;<\/p>\n<p>\ud83c\udfa7<strong>\u00a0YOUTUBE PREMIUM:\u00a0<\/strong>Suscripci\u00f3n agregado a plan familiar<\/p>\n<ul>\n<li>Disfruta de la experiencia completa de YouTube con YouTube Premium: sin anuncios, reproducci\u00f3n en segundo plano, descargas sin conexi\u00f3n y YouTube Music.<\/li>\n<li>Tendr\u00e1s acceso con tu propio correo, solo env\u00edanos tu correo electr\u00f3nico y te llegar\u00e1 un mensaje de invitaci\u00f3n.<\/li>\n<li>Proceso 100% seguro y protegido.<\/li>\n<\/ul>\n<p>&nbsp;<\/p>\n<p>\u2611\ufe0f \u00bfNo quieres usar tu propia cuenta? Tambi\u00e9n tenemos cuentas ya activadas con YouTube Premium, los puedes usar todo el tiempo que desees, son renovables.<\/p>\n<p>\u2611\ufe0f \u00bfQuieres descuentos? Si contratas por m\u00e1s de un mes o en combos tenemos descuentos.<\/p>\n<p>\u2611\ufe0f \u00bfTienes preguntas? Env\u00edanos un mensaje, estamos prestos a absolver tus dudas.<\/p>\n<p>\u26a1 Entrega r\u00e1pida: generalmente no m\u00e1s de 30 minutos.<\/p>","protected":false},"excerpt":{"rendered":"<p>\ud83c\udfa7\u00a0YOUTUBE PREMIUM IP PER\u00da\u00a0\ud83c\udfa7 \ud83d\udcfa\u00a01 correo (perfil) \ud83d\uddd3\u00a01 mes \ud83d\udd10\u00a0Activaci\u00f3n a correo personal, se agrega a plan familiar \u2705\u00a0Con garant\u00eda y soporte el tiempo contratado \u267b\u00a0RENOVABLE &#8211; &#8211; &#8211; &#8211; &#8211; &#8211; &#8211; &#8211; &#8211; &#8211; &#8211; &#8211; &#8211; &#8211; &#8211; &#8211; &#8211; &#8211; &#8211; &#8211; &#8211; &#8211; &#8211; &#8211; &#8211; &#8211; &#8211; &#8211; &#8211; [&hellip;]<\/p>\n","protected":false},"featured_media":4477,"comment_status":"open","ping_status":"closed","template":"","meta":{"_uag_custom_page_level_css":"","ocean_post_layout":"","ocean_both_sidebars_style":"","ocean_both_sidebars_content_width":0,"ocean_both_sidebars_sidebars_width":0,"ocean_sidebar":"0","ocean_second_sidebar":"0","ocean_disable_margins":"enable","ocean_add_body_class":"","ocean_shortcode_before_top_bar":"","ocean_shortcode_after_top_bar":"","ocean_shortcode_before_header":"","ocean_shortcode_after_header":"","ocean_has_shortcode":"","ocean_shortcode_after_title":"","ocean_shortcode_before_footer_widgets":"","ocean_shortcode_after_footer_widgets":"","ocean_shortcode_before_footer_bottom":"","ocean_shortcode_after_footer_bottom":"","ocean_display_top_bar":"default","ocean_display_header":"default","ocean_header_style":"","ocean_center_header_left_menu":"0","ocean_custom_header_template":"0","ocean_custom_logo":0,"ocean_custom_retina_logo":0,"ocean_custom_logo_max_width":0,"ocean_custom_logo_tablet_max_width":0,"ocean_custom_logo_mobile_max_width":0,"ocean_custom_logo_max_height":0,"ocean_custom_logo_tablet_max_height":0,"ocean_custom_logo_mobile_max_height":0,"ocean_header_custom_menu":"0","ocean_menu_typo_font_family":"0","ocean_menu_typo_font_subset":"","ocean_menu_typo_font_size":0,"ocean_menu_typo_font_size_tablet":0,"ocean_menu_typo_font_size_mobile":0,"ocean_menu_typo_font_size_unit":"px","ocean_menu_typo_font_weight":"","ocean_menu_typo_font_weight_tablet":"","ocean_menu_typo_font_weight_mobile":"","ocean_menu_typo_transform":"","ocean_menu_typo_transform_tablet":"","ocean_menu_typo_transform_mobile":"","ocean_menu_typo_line_height":0,"ocean_menu_typo_line_height_tablet":0,"ocean_menu_typo_line_height_mobile":0,"ocean_menu_typo_line_height_unit":"","ocean_menu_typo_spacing":0,"ocean_menu_typo_spacing_tablet":0,"ocean_menu_typo_spacing_mobile":0,"ocean_menu_typo_spacing_unit":"","ocean_menu_link_color":"","ocean_menu_link_color_hover":"","ocean_menu_link_color_active":"","ocean_menu_link_background":"","ocean_menu_link_hover_background":"","ocean_menu_link_active_background":"","ocean_menu_social_links_bg":"","ocean_menu_social_hover_links_bg":"","ocean_menu_social_links_color":"","ocean_menu_social_hover_links_color":"","ocean_disable_title":"default","ocean_disable_heading":"default","ocean_post_title":"","ocean_post_subheading":"","ocean_post_title_style":"","ocean_post_title_background_color":"","ocean_post_title_background":0,"ocean_post_title_bg_image_position":"","ocean_post_title_bg_image_attachment":"","ocean_post_title_bg_image_repeat":"","ocean_post_title_bg_image_size":"","ocean_post_title_height":0,"ocean_post_title_bg_overlay":0.5,"ocean_post_title_bg_overlay_color":"","ocean_disable_breadcrumbs":"default","ocean_breadcrumbs_color":"","ocean_breadcrumbs_separator_color":"","ocean_breadcrumbs_links_color":"","ocean_breadcrumbs_links_hover_color":"","ocean_display_footer_widgets":"default","ocean_display_footer_bottom":"default","ocean_custom_footer_template":"0","_joinchat":[]},"product_brand":[],"product_cat":[50,51,39,53],"product_tag":[],"class_list":{"0":"post-4476","1":"product","2":"type-product","3":"status-publish","4":"has-post-thumbnail","6":"product_cat-deportes","7":"product_cat-musica","8":"product_cat-streaming","9":"product_cat-tv-en-vivo","11":"entry","12":"has-media","14":"first","15":"instock","16":"sale","17":"featured","18":"shipping-taxable","19":"purchasable","20":"product-type-variable","21":"has-product-nav","22":"col","23":"span_1_of_4","24":"owp-content-center","25":"owp-thumbs-layout-horizontal","26":"owp-btn-normal","27":"owp-tabs-layout-horizontal","28":"has-no-thumbnails","30":"circle-sale"},"uagb_featured_image_src":{"full":["https:\/\/todogyh.com\/wp-content\/uploads\/2026\/03\/YOUTUBE-PREMIUM-2025-CON-TU-PROPIO-CORREO.png",1500,1500,false],"thumbnail":["https:\/\/todogyh.com\/wp-content\/uploads\/2026\/03\/YOUTUBE-PREMIUM-2025-CON-TU-PROPIO-CORREO-150x150.png",150,150,true],"medium":["https:\/\/todogyh.com\/wp-content\/uploads\/2026\/03\/YOUTUBE-PREMIUM-2025-CON-TU-PROPIO-CORREO-300x300.png",300,300,true],"medium_large":["https:\/\/todogyh.com\/wp-content\/uploads\/2026\/03\/YOUTUBE-PREMIUM-2025-CON-TU-PROPIO-CORREO-768x768.png",768,768,true],"large":["https:\/\/todogyh.com\/wp-content\/uploads\/2026\/03\/YOUTUBE-PREMIUM-2025-CON-TU-PROPIO-CORREO-1024x1024.png",1024,1024,true],"1536x1536":["https:\/\/todogyh.com\/wp-content\/uploads\/2026\/03\/YOUTUBE-PREMIUM-2025-CON-TU-PROPIO-CORREO.png",1500,1500,false],"2048x2048":["https:\/\/todogyh.com\/wp-content\/uploads\/2026\/03\/YOUTUBE-PREMIUM-2025-CON-TU-PROPIO-CORREO.png",1500,1500,false],"trp-custom-language-flag":["https:\/\/todogyh.com\/wp-content\/uploads\/2026\/03\/YOUTUBE-PREMIUM-2025-CON-TU-PROPIO-CORREO.png",12,12,false],"ocean-thumb-m":["https:\/\/todogyh.com\/wp-content\/uploads\/2026\/03\/YOUTUBE-PREMIUM-2025-CON-TU-PROPIO-CORREO-600x600.png",600,600,true],"ocean-thumb-ml":["https:\/\/todogyh.com\/wp-content\/uploads\/2026\/03\/YOUTUBE-PREMIUM-2025-CON-TU-PROPIO-CORREO-800x450.png",800,450,true],"ocean-thumb-l":["https:\/\/todogyh.com\/wp-content\/uploads\/2026\/03\/YOUTUBE-PREMIUM-2025-CON-TU-PROPIO-CORREO-1200x700.png",1200,700,true],"woocommerce_thumbnail":["https:\/\/todogyh.com\/wp-content\/uploads\/2026\/03\/YOUTUBE-PREMIUM-2025-CON-TU-PROPIO-CORREO-300x300.png",300,300,true],"woocommerce_single":["https:\/\/todogyh.com\/wp-content\/uploads\/2026\/03\/YOUTUBE-PREMIUM-2025-CON-TU-PROPIO-CORREO-600x600.png",600,600,true],"woocommerce_gallery_thumbnail":["https:\/\/todogyh.com\/wp-content\/uploads\/2026\/03\/YOUTUBE-PREMIUM-2025-CON-TU-PROPIO-CORREO-100x100.png",100,100,true]},"uagb_author_info":{"display_name":"todogyh@gmail.com","author_link":"https:\/\/todogyh.com\/en\/author\/"},"uagb_comment_info":0,"uagb_excerpt":"\ud83c\udfa7\u00a0YOUTUBE PREMIUM IP PER\u00da\u00a0\ud83c\udfa7 \ud83d\udcfa\u00a01 correo (perfil) \ud83d\uddd3\u00a01 mes \ud83d\udd10\u00a0Activaci\u00f3n a correo personal, se agrega a plan familiar \u2705\u00a0Con garant\u00eda y soporte el tiempo contratado \u267b\u00a0RENOVABLE &#8211; &#8211; &#8211; &#8211; &#8211; &#8211; &#8211; &#8211; &#8211; &#8211; &#8211; &#8211; &#8211; &#8211; &#8211; &#8211; &#8211; &#8211; &#8211; &#8211; &#8211; &#8211; &#8211; &#8211; &#8211; &#8211; &#8211; &#8211; &#8211;&hellip;","_links":{"self":[{"href":"https:\/\/todogyh.com\/en\/wp-json\/wp\/v2\/product\/4476","targetHints":{"allow":["GET"]}}],"collection":[{"href":"https:\/\/todogyh.com\/en\/wp-json\/wp\/v2\/product"}],"about":[{"href":"https:\/\/todogyh.com\/en\/wp-json\/wp\/v2\/types\/product"}],"replies":[{"embeddable":true,"href":"https:\/\/todogyh.com\/en\/wp-json\/wp\/v2\/comments?post=4476"}],"wp:featuredmedia":[{"embeddable":true,"href":"https:\/\/todogyh.com\/en\/wp-json\/wp\/v2\/media\/4477"}],"wp:attachment":[{"href":"https:\/\/todogyh.com\/en\/wp-json\/wp\/v2\/media?parent=4476"}],"wp:term":[{"taxonomy":"product_brand","embeddable":true,"href":"https:\/\/todogyh.com\/en\/wp-json\/wp\/v2\/product_brand?post=4476"},{"taxonomy":"product_cat","embeddable":true,"href":"https:\/\/todogyh.com\/en\/wp-json\/wp\/v2\/product_cat?post=4476"},{"taxonomy":"product_tag","embeddable":true,"href":"https:\/\/todogyh.com\/en\/wp-json\/wp\/v2\/product_tag?post=4476"}],"curies":[{"name":"wp","href":"https:\/\/api.w.org\/{rel}","templated":true}]}}