{"id":4483,"date":"2026-03-23T00:04:13","date_gmt":"2026-03-23T00:04:13","guid":{"rendered":"https:\/\/todogyh.com\/?post_type=product&#038;p=4483"},"modified":"2026-03-29T18:14:41","modified_gmt":"2026-03-29T23:14:41","slug":"windows-11-pro-licencia","status":"publish","type":"product","link":"https:\/\/todogyh.com\/en\/product\/windows-11-pro-licencia\/","title":{"rendered":"WINDOWS 11 PRO &#8211; licencia"},"content":{"rendered":"<p><span dir=\"auto\">Recibir\u00e1s 1 clave de activaci\u00f3n en l\u00ednea de Windows 11 Pro.<\/span><\/p>\n<p><span dir=\"auto\">Clave original y oficial.<\/span><\/p>\n<p><span dir=\"auto\">Licencia de activaci\u00f3n en l\u00ednea.<\/span><\/p>\n<p><span dir=\"auto\">Activaci\u00f3n \u00fanica de por vida.<\/span><\/p>\n<p><span dir=\"auto\">Garant\u00eda de por vida.<\/span><\/p>\n<p><span dir=\"auto\">Clave global.<\/span><\/p>\n<p><span dir=\"auto\">No dudes en enviarnos un mensaje de texto si tienes alguna pregunta.<\/span><\/p>\n<p>&nbsp;<\/p>\n<h2 class=\"text-h4 q-ma-none\" data-v-a28fc712=\"\" data-v-6a5aa8e0=\"\"><span dir=\"auto\">C\u00f3mo activar la clave de Windows 11 Pro<\/span><\/h2>\n<p><span dir=\"auto\">Para activar su clave de producto de Windows 11 Pro, siga estos pasos:<\/span><\/p>\n<ol>\n<li><strong><span dir=\"auto\">Localiza tu clave de Windows 11 Pro.<\/span><\/strong><br \/>\n<span dir=\"auto\">Tu clave de producto de Windows 11 Pro es un c\u00f3digo de 25 caracteres, con el siguiente formato:<\/span><\/p>\n<pre><strong><span dir=\"auto\">XXXXX-XXXXX-XXXXX-XXXXX-XXXXX<\/span><\/strong><\/pre>\n<\/li>\n<li><strong><span dir=\"auto\">Introduzca la clave de producto durante la instalaci\u00f3n.<\/span><\/strong><br \/>\n<span dir=\"auto\">Durante el proceso de instalaci\u00f3n, se le pedir\u00e1 que introduzca la clave de producto. Introduzca el c\u00f3digo de 25 caracteres cuando se le solicite.<\/span><\/li>\n<li><strong><span dir=\"auto\">Introduzca la clave de producto despu\u00e9s de la instalaci\u00f3n.<\/span><\/strong><br \/>\n<span dir=\"auto\">Si necesita activar la clave despu\u00e9s de la instalaci\u00f3n, siga estos pasos:<\/span><\/p>\n<ul>\n<li><span dir=\"auto\">Seleccione el\u00a0bot\u00f3n\u00a0<\/span><strong><span dir=\"auto\">Inicio en su escritorio.<\/span><\/strong><\/li>\n<li><span dir=\"auto\">Ve a\u00a0<\/span><strong><span dir=\"auto\">Configuraci\u00f3n<\/span><\/strong><span dir=\"auto\">\u00a0.<\/span><\/li>\n<li><span dir=\"auto\">En Configuraci\u00f3n, navegue hasta\u00a0<\/span><strong><span dir=\"auto\">Sistema<\/span><\/strong><span dir=\"auto\">\u00a0.<\/span><\/li>\n<li><span dir=\"auto\">Haz clic en\u00a0<\/span><strong><span dir=\"auto\">Activaci\u00f3n<\/span><\/strong><span dir=\"auto\">\u00a0.<\/span><\/li>\n<li><span dir=\"auto\">Seleccione\u00a0<\/span><strong><span dir=\"auto\">Actualizar clave de producto<\/span><\/strong><span dir=\"auto\">\u00a0y, a continuaci\u00f3n, haga clic en\u00a0<\/span><strong><span dir=\"auto\">Cambiar clave de producto<\/span><\/strong><span dir=\"auto\">\u00a0.<\/span><\/li>\n<li><span dir=\"auto\">Introduce tu clave de producto de 25 caracteres y sigue las instrucciones para activar Windows 11 Pro.<\/span><\/li>\n<\/ul>\n<\/li>\n<\/ol>","protected":false},"excerpt":{"rendered":"<p>Recibir\u00e1s 1 clave de activaci\u00f3n en l\u00ednea de Windows 11 Pro. Clave original y oficial. Licencia de activaci\u00f3n en l\u00ednea. Activaci\u00f3n \u00fanica de por vida. Garant\u00eda de por vida. Clave global. No dudes en enviarnos un mensaje de texto si tienes alguna pregunta. &nbsp; C\u00f3mo activar la clave de Windows 11 Pro Para activar su [&hellip;]<\/p>\n","protected":false},"featured_media":4484,"comment_status":"open","ping_status":"closed","template":"","meta":{"_uag_custom_page_level_css":"","ocean_post_layout":"","ocean_both_sidebars_style":"","ocean_both_sidebars_content_width":0,"ocean_both_sidebars_sidebars_width":0,"ocean_sidebar":"0","ocean_second_sidebar":"0","ocean_disable_margins":"enable","ocean_add_body_class":"","ocean_shortcode_before_top_bar":"","ocean_shortcode_after_top_bar":"","ocean_shortcode_before_header":"","ocean_shortcode_after_header":"","ocean_has_shortcode":"","ocean_shortcode_after_title":"","ocean_shortcode_before_footer_widgets":"","ocean_shortcode_after_footer_widgets":"","ocean_shortcode_before_footer_bottom":"","ocean_shortcode_after_footer_bottom":"","ocean_display_top_bar":"default","ocean_display_header":"default","ocean_header_style":"","ocean_center_header_left_menu":"0","ocean_custom_header_template":"0","ocean_custom_logo":0,"ocean_custom_retina_logo":0,"ocean_custom_logo_max_width":0,"ocean_custom_logo_tablet_max_width":0,"ocean_custom_logo_mobile_max_width":0,"ocean_custom_logo_max_height":0,"ocean_custom_logo_tablet_max_height":0,"ocean_custom_logo_mobile_max_height":0,"ocean_header_custom_menu":"0","ocean_menu_typo_font_family":"0","ocean_menu_typo_font_subset":"","ocean_menu_typo_font_size":0,"ocean_menu_typo_font_size_tablet":0,"ocean_menu_typo_font_size_mobile":0,"ocean_menu_typo_font_size_unit":"px","ocean_menu_typo_font_weight":"","ocean_menu_typo_font_weight_tablet":"","ocean_menu_typo_font_weight_mobile":"","ocean_menu_typo_transform":"","ocean_menu_typo_transform_tablet":"","ocean_menu_typo_transform_mobile":"","ocean_menu_typo_line_height":0,"ocean_menu_typo_line_height_tablet":0,"ocean_menu_typo_line_height_mobile":0,"ocean_menu_typo_line_height_unit":"","ocean_menu_typo_spacing":0,"ocean_menu_typo_spacing_tablet":0,"ocean_menu_typo_spacing_mobile":0,"ocean_menu_typo_spacing_unit":"","ocean_menu_link_color":"","ocean_menu_link_color_hover":"","ocean_menu_link_color_active":"","ocean_menu_link_background":"","ocean_menu_link_hover_background":"","ocean_menu_link_active_background":"","ocean_menu_social_links_bg":"","ocean_menu_social_hover_links_bg":"","ocean_menu_social_links_color":"","ocean_menu_social_hover_links_color":"","ocean_disable_title":"default","ocean_disable_heading":"default","ocean_post_title":"","ocean_post_subheading":"","ocean_post_title_style":"","ocean_post_title_background_color":"","ocean_post_title_background":0,"ocean_post_title_bg_image_position":"","ocean_post_title_bg_image_attachment":"","ocean_post_title_bg_image_repeat":"","ocean_post_title_bg_image_size":"","ocean_post_title_height":0,"ocean_post_title_bg_overlay":0.5,"ocean_post_title_bg_overlay_color":"","ocean_disable_breadcrumbs":"default","ocean_breadcrumbs_color":"","ocean_breadcrumbs_separator_color":"","ocean_breadcrumbs_links_color":"","ocean_breadcrumbs_links_hover_color":"","ocean_display_footer_widgets":"default","ocean_display_footer_bottom":"default","ocean_custom_footer_template":"0","_joinchat":[]},"product_brand":[],"product_cat":[38,48],"product_tag":[],"class_list":{"0":"post-4483","1":"product","2":"type-product","3":"status-publish","4":"has-post-thumbnail","6":"product_cat-software","7":"product_cat-windows","9":"entry","10":"has-media","12":"first","13":"instock","14":"sale","15":"downloadable","16":"virtual","17":"purchasable","18":"product-type-simple","19":"has-product-nav","20":"col","21":"span_1_of_4","22":"owp-content-center","23":"owp-thumbs-layout-horizontal","24":"owp-btn-normal","25":"owp-tabs-layout-horizontal","26":"has-no-thumbnails","28":"circle-sale"},"uagb_featured_image_src":{"full":["https:\/\/todogyh.com\/wp-content\/uploads\/2026\/03\/WINDOWS-11-15-SOLES.png",1500,1500,false],"thumbnail":["https:\/\/todogyh.com\/wp-content\/uploads\/2026\/03\/WINDOWS-11-15-SOLES-150x150.png",150,150,true],"medium":["https:\/\/todogyh.com\/wp-content\/uploads\/2026\/03\/WINDOWS-11-15-SOLES-300x300.png",300,300,true],"medium_large":["https:\/\/todogyh.com\/wp-content\/uploads\/2026\/03\/WINDOWS-11-15-SOLES-768x768.png",768,768,true],"large":["https:\/\/todogyh.com\/wp-content\/uploads\/2026\/03\/WINDOWS-11-15-SOLES-1024x1024.png",1024,1024,true],"1536x1536":["https:\/\/todogyh.com\/wp-content\/uploads\/2026\/03\/WINDOWS-11-15-SOLES.png",1500,1500,false],"2048x2048":["https:\/\/todogyh.com\/wp-content\/uploads\/2026\/03\/WINDOWS-11-15-SOLES.png",1500,1500,false],"trp-custom-language-flag":["https:\/\/todogyh.com\/wp-content\/uploads\/2026\/03\/WINDOWS-11-15-SOLES.png",12,12,false],"ocean-thumb-m":["https:\/\/todogyh.com\/wp-content\/uploads\/2026\/03\/WINDOWS-11-15-SOLES-600x600.png",600,600,true],"ocean-thumb-ml":["https:\/\/todogyh.com\/wp-content\/uploads\/2026\/03\/WINDOWS-11-15-SOLES-800x450.png",800,450,true],"ocean-thumb-l":["https:\/\/todogyh.com\/wp-content\/uploads\/2026\/03\/WINDOWS-11-15-SOLES-1200x700.png",1200,700,true],"woocommerce_thumbnail":["https:\/\/todogyh.com\/wp-content\/uploads\/2026\/03\/WINDOWS-11-15-SOLES-300x300.png",300,300,true],"woocommerce_single":["https:\/\/todogyh.com\/wp-content\/uploads\/2026\/03\/WINDOWS-11-15-SOLES-600x600.png",600,600,true],"woocommerce_gallery_thumbnail":["https:\/\/todogyh.com\/wp-content\/uploads\/2026\/03\/WINDOWS-11-15-SOLES-100x100.png",100,100,true]},"uagb_author_info":{"display_name":"todogyh@gmail.com","author_link":"https:\/\/todogyh.com\/en\/author\/"},"uagb_comment_info":0,"uagb_excerpt":"Recibir\u00e1s 1 clave de activaci\u00f3n en l\u00ednea de Windows 11 Pro. Clave original y oficial. Licencia de activaci\u00f3n en l\u00ednea. Activaci\u00f3n \u00fanica de por vida. Garant\u00eda de por vida. Clave global. No dudes en enviarnos un mensaje de texto si tienes alguna pregunta. &nbsp; C\u00f3mo activar la clave de Windows 11 Pro Para activar su&hellip;","_links":{"self":[{"href":"https:\/\/todogyh.com\/en\/wp-json\/wp\/v2\/product\/4483","targetHints":{"allow":["GET"]}}],"collection":[{"href":"https:\/\/todogyh.com\/en\/wp-json\/wp\/v2\/product"}],"about":[{"href":"https:\/\/todogyh.com\/en\/wp-json\/wp\/v2\/types\/product"}],"replies":[{"embeddable":true,"href":"https:\/\/todogyh.com\/en\/wp-json\/wp\/v2\/comments?post=4483"}],"wp:featuredmedia":[{"embeddable":true,"href":"https:\/\/todogyh.com\/en\/wp-json\/wp\/v2\/media\/4484"}],"wp:attachment":[{"href":"https:\/\/todogyh.com\/en\/wp-json\/wp\/v2\/media?parent=4483"}],"wp:term":[{"taxonomy":"product_brand","embeddable":true,"href":"https:\/\/todogyh.com\/en\/wp-json\/wp\/v2\/product_brand?post=4483"},{"taxonomy":"product_cat","embeddable":true,"href":"https:\/\/todogyh.com\/en\/wp-json\/wp\/v2\/product_cat?post=4483"},{"taxonomy":"product_tag","embeddable":true,"href":"https:\/\/todogyh.com\/en\/wp-json\/wp\/v2\/product_tag?post=4483"}],"curies":[{"name":"wp","href":"https:\/\/api.w.org\/{rel}","templated":true}]}}