{"id":4485,"date":"2026-03-23T00:05:59","date_gmt":"2026-03-23T00:05:59","guid":{"rendered":"https:\/\/todogyh.com\/?post_type=product&#038;p=4485"},"modified":"2026-03-29T01:37:54","modified_gmt":"2026-03-29T06:37:54","slug":"microsoft-365-plan-personal","status":"publish","type":"product","link":"https:\/\/todogyh.com\/en\/product\/microsoft-365-plan-personal\/","title":{"rendered":"MICROSOFT 365 &#8211; plan personal"},"content":{"rendered":"<p>Activa Microsoft 365 con tu propio correo y tendr\u00e1s:<\/p>\n<p><strong>1. Suite de productividad integral:<\/strong>\u00a0Combina aplicaciones cl\u00e1sicas como Word, Excel y PowerPoint con potentes servicios en la nube. \ud83d\udcdd<\/p>\n<p><strong>2. Almacenamiento y sincronizaci\u00f3n:<\/strong>\u00a0Incluye OneDrive para guardar archivos de forma segura y acceder a ellos en tiempo real desde cualquier lugar. \ud83d\udcc2<\/p>\n<p><strong>3. Colaboraci\u00f3n en vivo:\u00a0<\/strong>Permite la edici\u00f3n simult\u00e1nea de documentos entre varios usuarios y comunicaci\u00f3n integrada mediante Teams. \ud83d\udd17<\/p>\n<p><strong>4. Suscripci\u00f3n y actualizaci\u00f3n:<\/strong>\u00a0Ofrece un modelo de pago flexible que garantiza acceso siempre a las versiones m\u00e1s recientes y parches de seguridad. \u2b06\ufe0f<\/p>\n<p><strong>5. Movilidad multiplataforma:<\/strong>\u00a0Est\u00e1 dise\u00f1ado para funcionar con total fluidez en computadoras, tablets y dispositivos m\u00f3viles de forma sincronizada. \ud83d\udcbb<\/p>","protected":false},"excerpt":{"rendered":"<p>Activa Microsoft 365 con tu propio correo y tendr\u00e1s: 1. Suite de productividad integral:\u00a0Combina aplicaciones cl\u00e1sicas como Word, Excel y PowerPoint con potentes servicios en la nube. \ud83d\udcdd 2. Almacenamiento y sincronizaci\u00f3n:\u00a0Incluye OneDrive para guardar archivos de forma segura y acceder a ellos en tiempo real desde cualquier lugar. \ud83d\udcc2 3. Colaboraci\u00f3n en vivo:\u00a0Permite la [&hellip;]<\/p>\n","protected":false},"featured_media":4486,"comment_status":"open","ping_status":"closed","template":"","meta":{"_uag_custom_page_level_css":"","ocean_post_layout":"","ocean_both_sidebars_style":"","ocean_both_sidebars_content_width":0,"ocean_both_sidebars_sidebars_width":0,"ocean_sidebar":"0","ocean_second_sidebar":"0","ocean_disable_margins":"enable","ocean_add_body_class":"","ocean_shortcode_before_top_bar":"","ocean_shortcode_after_top_bar":"","ocean_shortcode_before_header":"","ocean_shortcode_after_header":"","ocean_has_shortcode":"","ocean_shortcode_after_title":"","ocean_shortcode_before_footer_widgets":"","ocean_shortcode_after_footer_widgets":"","ocean_shortcode_before_footer_bottom":"","ocean_shortcode_after_footer_bottom":"","ocean_display_top_bar":"default","ocean_display_header":"default","ocean_header_style":"","ocean_center_header_left_menu":"0","ocean_custom_header_template":"0","ocean_custom_logo":0,"ocean_custom_retina_logo":0,"ocean_custom_logo_max_width":0,"ocean_custom_logo_tablet_max_width":0,"ocean_custom_logo_mobile_max_width":0,"ocean_custom_logo_max_height":0,"ocean_custom_logo_tablet_max_height":0,"ocean_custom_logo_mobile_max_height":0,"ocean_header_custom_menu":"0","ocean_menu_typo_font_family":"0","ocean_menu_typo_font_subset":"","ocean_menu_typo_font_size":0,"ocean_menu_typo_font_size_tablet":0,"ocean_menu_typo_font_size_mobile":0,"ocean_menu_typo_font_size_unit":"px","ocean_menu_typo_font_weight":"","ocean_menu_typo_font_weight_tablet":"","ocean_menu_typo_font_weight_mobile":"","ocean_menu_typo_transform":"","ocean_menu_typo_transform_tablet":"","ocean_menu_typo_transform_mobile":"","ocean_menu_typo_line_height":0,"ocean_menu_typo_line_height_tablet":0,"ocean_menu_typo_line_height_mobile":0,"ocean_menu_typo_line_height_unit":"","ocean_menu_typo_spacing":0,"ocean_menu_typo_spacing_tablet":0,"ocean_menu_typo_spacing_mobile":0,"ocean_menu_typo_spacing_unit":"","ocean_menu_link_color":"","ocean_menu_link_color_hover":"","ocean_menu_link_color_active":"","ocean_menu_link_background":"","ocean_menu_link_hover_background":"","ocean_menu_link_active_background":"","ocean_menu_social_links_bg":"","ocean_menu_social_hover_links_bg":"","ocean_menu_social_links_color":"","ocean_menu_social_hover_links_color":"","ocean_disable_title":"default","ocean_disable_heading":"default","ocean_post_title":"","ocean_post_subheading":"","ocean_post_title_style":"","ocean_post_title_background_color":"","ocean_post_title_background":0,"ocean_post_title_bg_image_position":"","ocean_post_title_bg_image_attachment":"","ocean_post_title_bg_image_repeat":"","ocean_post_title_bg_image_size":"","ocean_post_title_height":0,"ocean_post_title_bg_overlay":0.5,"ocean_post_title_bg_overlay_color":"","ocean_disable_breadcrumbs":"default","ocean_breadcrumbs_color":"","ocean_breadcrumbs_separator_color":"","ocean_breadcrumbs_links_color":"","ocean_breadcrumbs_links_hover_color":"","ocean_display_footer_widgets":"default","ocean_display_footer_bottom":"default","ocean_custom_footer_template":"0","_joinchat":[]},"product_brand":[],"product_cat":[38,48],"product_tag":[],"class_list":{"0":"post-4485","1":"product","2":"type-product","3":"status-publish","4":"has-post-thumbnail","6":"product_cat-software","7":"product_cat-windows","9":"entry","10":"has-media","12":"first","13":"instock","14":"sale","15":"virtual","16":"purchasable","17":"product-type-simple","18":"has-product-nav","19":"col","20":"span_1_of_4","21":"owp-content-center","22":"owp-thumbs-layout-horizontal","23":"owp-btn-normal","24":"owp-tabs-layout-horizontal","25":"has-no-thumbnails","27":"circle-sale"},"uagb_featured_image_src":{"full":["https:\/\/todogyh.com\/wp-content\/uploads\/2026\/03\/MICROSOFT-365-REGRESO-A-CLASES-2026.png",1500,1500,false],"thumbnail":["https:\/\/todogyh.com\/wp-content\/uploads\/2026\/03\/MICROSOFT-365-REGRESO-A-CLASES-2026-150x150.png",150,150,true],"medium":["https:\/\/todogyh.com\/wp-content\/uploads\/2026\/03\/MICROSOFT-365-REGRESO-A-CLASES-2026-300x300.png",300,300,true],"medium_large":["https:\/\/todogyh.com\/wp-content\/uploads\/2026\/03\/MICROSOFT-365-REGRESO-A-CLASES-2026-768x768.png",768,768,true],"large":["https:\/\/todogyh.com\/wp-content\/uploads\/2026\/03\/MICROSOFT-365-REGRESO-A-CLASES-2026-1024x1024.png",1024,1024,true],"1536x1536":["https:\/\/todogyh.com\/wp-content\/uploads\/2026\/03\/MICROSOFT-365-REGRESO-A-CLASES-2026.png",1500,1500,false],"2048x2048":["https:\/\/todogyh.com\/wp-content\/uploads\/2026\/03\/MICROSOFT-365-REGRESO-A-CLASES-2026.png",1500,1500,false],"trp-custom-language-flag":["https:\/\/todogyh.com\/wp-content\/uploads\/2026\/03\/MICROSOFT-365-REGRESO-A-CLASES-2026.png",12,12,false],"ocean-thumb-m":["https:\/\/todogyh.com\/wp-content\/uploads\/2026\/03\/MICROSOFT-365-REGRESO-A-CLASES-2026-600x600.png",600,600,true],"ocean-thumb-ml":["https:\/\/todogyh.com\/wp-content\/uploads\/2026\/03\/MICROSOFT-365-REGRESO-A-CLASES-2026-800x450.png",800,450,true],"ocean-thumb-l":["https:\/\/todogyh.com\/wp-content\/uploads\/2026\/03\/MICROSOFT-365-REGRESO-A-CLASES-2026-1200x700.png",1200,700,true],"woocommerce_thumbnail":["https:\/\/todogyh.com\/wp-content\/uploads\/2026\/03\/MICROSOFT-365-REGRESO-A-CLASES-2026-300x300.png",300,300,true],"woocommerce_single":["https:\/\/todogyh.com\/wp-content\/uploads\/2026\/03\/MICROSOFT-365-REGRESO-A-CLASES-2026-600x600.png",600,600,true],"woocommerce_gallery_thumbnail":["https:\/\/todogyh.com\/wp-content\/uploads\/2026\/03\/MICROSOFT-365-REGRESO-A-CLASES-2026-100x100.png",100,100,true]},"uagb_author_info":{"display_name":"todogyh@gmail.com","author_link":"https:\/\/todogyh.com\/en\/author\/"},"uagb_comment_info":0,"uagb_excerpt":"Activa Microsoft 365 con tu propio correo y tendr\u00e1s: 1. Suite de productividad integral:\u00a0Combina aplicaciones cl\u00e1sicas como Word, Excel y PowerPoint con potentes servicios en la nube. \ud83d\udcdd 2. Almacenamiento y sincronizaci\u00f3n:\u00a0Incluye OneDrive para guardar archivos de forma segura y acceder a ellos en tiempo real desde cualquier lugar. \ud83d\udcc2 3. Colaboraci\u00f3n en vivo:\u00a0Permite la&hellip;","_links":{"self":[{"href":"https:\/\/todogyh.com\/en\/wp-json\/wp\/v2\/product\/4485","targetHints":{"allow":["GET"]}}],"collection":[{"href":"https:\/\/todogyh.com\/en\/wp-json\/wp\/v2\/product"}],"about":[{"href":"https:\/\/todogyh.com\/en\/wp-json\/wp\/v2\/types\/product"}],"replies":[{"embeddable":true,"href":"https:\/\/todogyh.com\/en\/wp-json\/wp\/v2\/comments?post=4485"}],"wp:featuredmedia":[{"embeddable":true,"href":"https:\/\/todogyh.com\/en\/wp-json\/wp\/v2\/media\/4486"}],"wp:attachment":[{"href":"https:\/\/todogyh.com\/en\/wp-json\/wp\/v2\/media?parent=4485"}],"wp:term":[{"taxonomy":"product_brand","embeddable":true,"href":"https:\/\/todogyh.com\/en\/wp-json\/wp\/v2\/product_brand?post=4485"},{"taxonomy":"product_cat","embeddable":true,"href":"https:\/\/todogyh.com\/en\/wp-json\/wp\/v2\/product_cat?post=4485"},{"taxonomy":"product_tag","embeddable":true,"href":"https:\/\/todogyh.com\/en\/wp-json\/wp\/v2\/product_tag?post=4485"}],"curies":[{"name":"wp","href":"https:\/\/api.w.org\/{rel}","templated":true}]}}