{"id":4493,"date":"2026-03-23T00:11:01","date_gmt":"2026-03-23T00:11:01","guid":{"rendered":"https:\/\/todogyh.com\/?post_type=product&#038;p=4493"},"modified":"2026-03-29T15:55:50","modified_gmt":"2026-03-29T20:55:50","slug":"capcut-pro-2-cuenta-completa","status":"publish","type":"product","link":"https:\/\/todogyh.com\/en\/product\/capcut-pro-2-cuenta-completa\/","title":{"rendered":"CAPCUT PRO 2 &#8211; cuenta completa"},"content":{"rendered":"<p><strong>\u26aa\u00a0<em>CAPCUT PRO 2<\/em><\/strong><\/p>\n<p>\u2705\u00a0<em>Para celular, computadora o web<\/em><\/p>\n<p>\u2747\u00a0<em>Cuenta no compartida<\/em><\/p>\n<p>\ud83d\uddd3\u00a0\u00a0<em>1 mes<\/em><\/p>\n<p>\ud83d\udd10\u00a0<em>Se entrega correo y contrase\u00f1a<\/em><\/p>\n<p>\u2705\u00a0<em>Con garant\u00eda y soporte el tiempo contratado<\/em><\/p>\n<p>\u267b\u00a0<em>NO RENOVABLE (si desea continuar entregamos cuenta nueva)\u00a0<\/em><\/p>\n<p>&nbsp;<\/p>\n<p>Alquila CAPCUT PRO y obt\u00e9n los siguientes beneficios:<\/p>\n<p>\ud83d\udcf1 Sin marca de agua \u2192 Exportas tus videos sin el logo de CapCut.<\/p>\n<p>\ud83d\udcf1 Exportaci\u00f3n en alta calidad \u2192 Hasta 4K y 60 fps.<\/p>\n<p>\ud83d\udcf1 Efectos y transiciones premium \u2192 Acceso exclusivo a plantillas, transiciones, efectos visuales y filtros avanzados.<\/p>\n<p>\ud83d\udcf1 Biblioteca musical ampliada \u2192 M\u00e1s pistas de m\u00fasica y efectos de sonido libres de derechos.<\/p>\n<p>\ud83d\udcf1 Funciones avanzadas de edici\u00f3n \u2192 Como keyframe avanzado, recorte preciso, m\u00e1scaras y edici\u00f3n multicapa.<\/p>\n<p>\ud83d\udcf1 Sin anuncios \u2192 Usas la app sin interrupciones ni banners publicitarios.<\/p>\n<p>\ud83d\udcf1 Plantillas premium \u2192 Acceso a plantillas de edici\u00f3n para redes sociales (TikTok, Instagram, YouTube, etc.) que solo est\u00e1n en la versi\u00f3n Pro.<\/p>\n<p>\ud83d\udcf1 Recursos de texto premium \u2192 Tipograf\u00edas, t\u00edtulos animados y estilos de texto exclusivos.<\/p>\n<p>\ud83d\udd12 Se entrega correo y contrase\u00f1a o activaci\u00f3n por c\u00f3digo QR.<\/p>\n<p>\ud83d\udcbb Con soporte y garant\u00eda por el tiempo contratado.<\/p>","protected":false},"excerpt":{"rendered":"<p>\u26aa\u00a0CAPCUT PRO 2 \u2705\u00a0Para celular, computadora o web \u2747\u00a0Cuenta no compartida \ud83d\uddd3\u00a0\u00a01 mes \ud83d\udd10\u00a0Se entrega correo y contrase\u00f1a \u2705\u00a0Con garant\u00eda y soporte el tiempo contratado \u267b\u00a0NO RENOVABLE (si desea continuar entregamos cuenta nueva)\u00a0 &nbsp; Alquila CAPCUT PRO y obt\u00e9n los siguientes beneficios: \ud83d\udcf1 Sin marca de agua \u2192 Exportas tus videos sin el logo de [&hellip;]<\/p>\n","protected":false},"featured_media":4491,"comment_status":"open","ping_status":"closed","template":"","meta":{"_uag_custom_page_level_css":"","ocean_post_layout":"","ocean_both_sidebars_style":"","ocean_both_sidebars_content_width":0,"ocean_both_sidebars_sidebars_width":0,"ocean_sidebar":"0","ocean_second_sidebar":"0","ocean_disable_margins":"enable","ocean_add_body_class":"","ocean_shortcode_before_top_bar":"","ocean_shortcode_after_top_bar":"","ocean_shortcode_before_header":"","ocean_shortcode_after_header":"","ocean_has_shortcode":"","ocean_shortcode_after_title":"","ocean_shortcode_before_footer_widgets":"","ocean_shortcode_after_footer_widgets":"","ocean_shortcode_before_footer_bottom":"","ocean_shortcode_after_footer_bottom":"","ocean_display_top_bar":"default","ocean_display_header":"default","ocean_header_style":"","ocean_center_header_left_menu":"0","ocean_custom_header_template":"0","ocean_custom_logo":0,"ocean_custom_retina_logo":0,"ocean_custom_logo_max_width":0,"ocean_custom_logo_tablet_max_width":0,"ocean_custom_logo_mobile_max_width":0,"ocean_custom_logo_max_height":0,"ocean_custom_logo_tablet_max_height":0,"ocean_custom_logo_mobile_max_height":0,"ocean_header_custom_menu":"0","ocean_menu_typo_font_family":"0","ocean_menu_typo_font_subset":"","ocean_menu_typo_font_size":0,"ocean_menu_typo_font_size_tablet":0,"ocean_menu_typo_font_size_mobile":0,"ocean_menu_typo_font_size_unit":"px","ocean_menu_typo_font_weight":"","ocean_menu_typo_font_weight_tablet":"","ocean_menu_typo_font_weight_mobile":"","ocean_menu_typo_transform":"","ocean_menu_typo_transform_tablet":"","ocean_menu_typo_transform_mobile":"","ocean_menu_typo_line_height":0,"ocean_menu_typo_line_height_tablet":0,"ocean_menu_typo_line_height_mobile":0,"ocean_menu_typo_line_height_unit":"","ocean_menu_typo_spacing":0,"ocean_menu_typo_spacing_tablet":0,"ocean_menu_typo_spacing_mobile":0,"ocean_menu_typo_spacing_unit":"","ocean_menu_link_color":"","ocean_menu_link_color_hover":"","ocean_menu_link_color_active":"","ocean_menu_link_background":"","ocean_menu_link_hover_background":"","ocean_menu_link_active_background":"","ocean_menu_social_links_bg":"","ocean_menu_social_hover_links_bg":"","ocean_menu_social_links_color":"","ocean_menu_social_hover_links_color":"","ocean_disable_title":"default","ocean_disable_heading":"default","ocean_post_title":"","ocean_post_subheading":"","ocean_post_title_style":"","ocean_post_title_background_color":"","ocean_post_title_background":0,"ocean_post_title_bg_image_position":"","ocean_post_title_bg_image_attachment":"","ocean_post_title_bg_image_repeat":"","ocean_post_title_bg_image_size":"","ocean_post_title_height":0,"ocean_post_title_bg_overlay":0.5,"ocean_post_title_bg_overlay_color":"","ocean_disable_breadcrumbs":"default","ocean_breadcrumbs_color":"","ocean_breadcrumbs_separator_color":"","ocean_breadcrumbs_links_color":"","ocean_breadcrumbs_links_hover_color":"","ocean_display_footer_widgets":"default","ocean_display_footer_bottom":"default","ocean_custom_footer_template":"0","_joinchat":[]},"product_brand":[],"product_cat":[44,36],"product_tag":[],"class_list":{"0":"post-4493","1":"product","2":"type-product","3":"status-publish","4":"has-post-thumbnail","6":"product_cat-audiovisual","7":"product_cat-diseno","9":"entry","10":"has-media","12":"first","13":"instock","14":"sale","15":"virtual","16":"purchasable","17":"product-type-simple","18":"has-product-nav","19":"col","20":"span_1_of_4","21":"owp-content-center","22":"owp-thumbs-layout-horizontal","23":"owp-btn-normal","24":"owp-tabs-layout-horizontal","25":"has-no-thumbnails","27":"circle-sale"},"uagb_featured_image_src":{"full":["https:\/\/todogyh.com\/wp-content\/uploads\/2026\/03\/CAPCUT-PRO-PARA-PC-Y-CELULAR-22-no-renovable.png",1500,1500,false],"thumbnail":["https:\/\/todogyh.com\/wp-content\/uploads\/2026\/03\/CAPCUT-PRO-PARA-PC-Y-CELULAR-22-no-renovable-150x150.png",150,150,true],"medium":["https:\/\/todogyh.com\/wp-content\/uploads\/2026\/03\/CAPCUT-PRO-PARA-PC-Y-CELULAR-22-no-renovable-300x300.png",300,300,true],"medium_large":["https:\/\/todogyh.com\/wp-content\/uploads\/2026\/03\/CAPCUT-PRO-PARA-PC-Y-CELULAR-22-no-renovable-768x768.png",768,768,true],"large":["https:\/\/todogyh.com\/wp-content\/uploads\/2026\/03\/CAPCUT-PRO-PARA-PC-Y-CELULAR-22-no-renovable-1024x1024.png",1024,1024,true],"1536x1536":["https:\/\/todogyh.com\/wp-content\/uploads\/2026\/03\/CAPCUT-PRO-PARA-PC-Y-CELULAR-22-no-renovable.png",1500,1500,false],"2048x2048":["https:\/\/todogyh.com\/wp-content\/uploads\/2026\/03\/CAPCUT-PRO-PARA-PC-Y-CELULAR-22-no-renovable.png",1500,1500,false],"trp-custom-language-flag":["https:\/\/todogyh.com\/wp-content\/uploads\/2026\/03\/CAPCUT-PRO-PARA-PC-Y-CELULAR-22-no-renovable.png",12,12,false],"ocean-thumb-m":["https:\/\/todogyh.com\/wp-content\/uploads\/2026\/03\/CAPCUT-PRO-PARA-PC-Y-CELULAR-22-no-renovable-600x600.png",600,600,true],"ocean-thumb-ml":["https:\/\/todogyh.com\/wp-content\/uploads\/2026\/03\/CAPCUT-PRO-PARA-PC-Y-CELULAR-22-no-renovable-800x450.png",800,450,true],"ocean-thumb-l":["https:\/\/todogyh.com\/wp-content\/uploads\/2026\/03\/CAPCUT-PRO-PARA-PC-Y-CELULAR-22-no-renovable-1200x700.png",1200,700,true],"woocommerce_thumbnail":["https:\/\/todogyh.com\/wp-content\/uploads\/2026\/03\/CAPCUT-PRO-PARA-PC-Y-CELULAR-22-no-renovable-300x300.png",300,300,true],"woocommerce_single":["https:\/\/todogyh.com\/wp-content\/uploads\/2026\/03\/CAPCUT-PRO-PARA-PC-Y-CELULAR-22-no-renovable-600x600.png",600,600,true],"woocommerce_gallery_thumbnail":["https:\/\/todogyh.com\/wp-content\/uploads\/2026\/03\/CAPCUT-PRO-PARA-PC-Y-CELULAR-22-no-renovable-100x100.png",100,100,true]},"uagb_author_info":{"display_name":"todogyh@gmail.com","author_link":"https:\/\/todogyh.com\/en\/author\/"},"uagb_comment_info":0,"uagb_excerpt":"\u26aa\u00a0CAPCUT PRO 2 \u2705\u00a0Para celular, computadora o web \u2747\u00a0Cuenta no compartida \ud83d\uddd3\u00a0\u00a01 mes \ud83d\udd10\u00a0Se entrega correo y contrase\u00f1a \u2705\u00a0Con garant\u00eda y soporte el tiempo contratado \u267b\u00a0NO RENOVABLE (si desea continuar entregamos cuenta nueva)\u00a0 &nbsp; Alquila CAPCUT PRO y obt\u00e9n los siguientes beneficios: \ud83d\udcf1 Sin marca de agua \u2192 Exportas tus videos sin el logo de&hellip;","_links":{"self":[{"href":"https:\/\/todogyh.com\/en\/wp-json\/wp\/v2\/product\/4493","targetHints":{"allow":["GET"]}}],"collection":[{"href":"https:\/\/todogyh.com\/en\/wp-json\/wp\/v2\/product"}],"about":[{"href":"https:\/\/todogyh.com\/en\/wp-json\/wp\/v2\/types\/product"}],"replies":[{"embeddable":true,"href":"https:\/\/todogyh.com\/en\/wp-json\/wp\/v2\/comments?post=4493"}],"wp:featuredmedia":[{"embeddable":true,"href":"https:\/\/todogyh.com\/en\/wp-json\/wp\/v2\/media\/4491"}],"wp:attachment":[{"href":"https:\/\/todogyh.com\/en\/wp-json\/wp\/v2\/media?parent=4493"}],"wp:term":[{"taxonomy":"product_brand","embeddable":true,"href":"https:\/\/todogyh.com\/en\/wp-json\/wp\/v2\/product_brand?post=4493"},{"taxonomy":"product_cat","embeddable":true,"href":"https:\/\/todogyh.com\/en\/wp-json\/wp\/v2\/product_cat?post=4493"},{"taxonomy":"product_tag","embeddable":true,"href":"https:\/\/todogyh.com\/en\/wp-json\/wp\/v2\/product_tag?post=4493"}],"curies":[{"name":"wp","href":"https:\/\/api.w.org\/{rel}","templated":true}]}}