{"id":4506,"date":"2026-03-23T20:16:04","date_gmt":"2026-03-23T20:16:04","guid":{"rendered":"https:\/\/todogyh.com\/?post_type=product&#038;p=4506"},"modified":"2026-03-29T15:12:03","modified_gmt":"2026-03-29T20:12:03","slug":"gemini-pro-economico","status":"publish","type":"product","link":"https:\/\/todogyh.com\/en\/product\/gemini-pro-economico\/","title":{"rendered":"GEMINI PRO econ\u00f3mico"},"content":{"rendered":"<p>\ud83e\udd16\u00a0<strong><em>Adquiere una cuenta de GEMINI 3 PRO a trav\u00e9s de G\u00e9mini Enterprise<\/em><\/strong><em>.<\/em><\/p>\n<p>&nbsp;<\/p>\n<p>\ud83e\udd14\u00a0<em>Si usas IA en pocas ocasiones, esta es tu oportunidad \ud83d\ude0c. Puedes tener acceso al\u00a0<\/em><strong><em>modelo de inteligencia artificial m\u00e1s potente de Google<\/em><\/strong><em>\u00a0a un precio econ\u00f3mico, y:<\/em><\/p>\n<p>\u2747\ufe0f\u00a0<em>Generar o editar im\u00e1genes a partir de descripciones de texto o im\u00e1genes existentes.<\/em><\/p>\n<p>\u2747\ufe0f\u00a0<em>Crear videos a partir de texto.<\/em><\/p>\n<p>\u2747\ufe0f\u00a0<em>Crear documentos en formatos como PDF, DOCX y PPTX.<\/em><\/p>\n<p>\u2747\ufe0f\u00a0<em>Generar contenido extenso y detallado en un panel separado, ideal para informes, an\u00e1lisis o cualquier contenido que quieras reutilizar o editar.<\/em><\/p>\n<p>\u2747\ufe0f\u00a0<em>Manejar archivos que subes directamente y ejecuta c\u00f3digo para an\u00e1lisis de datos, c\u00e1lculos o visualizaciones.<\/em><\/p>\n<p>&nbsp;<\/p>\n<p>\ud83d\udcb0\u00a0<em>Precio permanente:<\/em>\u00a0<strong><em>S\/ 6.00<\/em><\/strong>\u00a0<em>por \ud83d\udcc6 1 mes<\/em><\/p>\n<p>\ud83d\udcbb\u00a0<em>Solo v\u00e1lido para usarlo en PC o laptop<\/em><\/p>\n<p>\ud83d\udce7\u00a0<em>Se entrega correo activado y c\u00f3digo de acceso<\/em><\/p>\n<p>\u26a0\ufe0f\u00a0<em>No es cuenta compartida<\/em><\/p>","protected":false},"excerpt":{"rendered":"<p>\ud83e\udd16\u00a0Adquiere una cuenta de GEMINI 3 PRO a trav\u00e9s de G\u00e9mini Enterprise. &nbsp; \ud83e\udd14\u00a0Si usas IA en pocas ocasiones, esta es tu oportunidad \ud83d\ude0c. Puedes tener acceso al\u00a0modelo de inteligencia artificial m\u00e1s potente de Google\u00a0a un precio econ\u00f3mico, y: \u2747\ufe0f\u00a0Generar o editar im\u00e1genes a partir de descripciones de texto o im\u00e1genes existentes. \u2747\ufe0f\u00a0Crear videos a [&hellip;]<\/p>\n","protected":false},"featured_media":4508,"comment_status":"open","ping_status":"closed","template":"","meta":{"_uag_custom_page_level_css":"","ocean_post_layout":"","ocean_both_sidebars_style":"","ocean_both_sidebars_content_width":0,"ocean_both_sidebars_sidebars_width":0,"ocean_sidebar":"0","ocean_second_sidebar":"0","ocean_disable_margins":"enable","ocean_add_body_class":"","ocean_shortcode_before_top_bar":"","ocean_shortcode_after_top_bar":"","ocean_shortcode_before_header":"","ocean_shortcode_after_header":"","ocean_has_shortcode":"","ocean_shortcode_after_title":"","ocean_shortcode_before_footer_widgets":"","ocean_shortcode_after_footer_widgets":"","ocean_shortcode_before_footer_bottom":"","ocean_shortcode_after_footer_bottom":"","ocean_display_top_bar":"default","ocean_display_header":"default","ocean_header_style":"","ocean_center_header_left_menu":"0","ocean_custom_header_template":"0","ocean_custom_logo":0,"ocean_custom_retina_logo":0,"ocean_custom_logo_max_width":0,"ocean_custom_logo_tablet_max_width":0,"ocean_custom_logo_mobile_max_width":0,"ocean_custom_logo_max_height":0,"ocean_custom_logo_tablet_max_height":0,"ocean_custom_logo_mobile_max_height":0,"ocean_header_custom_menu":"0","ocean_menu_typo_font_family":"0","ocean_menu_typo_font_subset":"","ocean_menu_typo_font_size":0,"ocean_menu_typo_font_size_tablet":0,"ocean_menu_typo_font_size_mobile":0,"ocean_menu_typo_font_size_unit":"px","ocean_menu_typo_font_weight":"","ocean_menu_typo_font_weight_tablet":"","ocean_menu_typo_font_weight_mobile":"","ocean_menu_typo_transform":"","ocean_menu_typo_transform_tablet":"","ocean_menu_typo_transform_mobile":"","ocean_menu_typo_line_height":0,"ocean_menu_typo_line_height_tablet":0,"ocean_menu_typo_line_height_mobile":0,"ocean_menu_typo_line_height_unit":"","ocean_menu_typo_spacing":0,"ocean_menu_typo_spacing_tablet":0,"ocean_menu_typo_spacing_mobile":0,"ocean_menu_typo_spacing_unit":"","ocean_menu_link_color":"","ocean_menu_link_color_hover":"","ocean_menu_link_color_active":"","ocean_menu_link_background":"","ocean_menu_link_hover_background":"","ocean_menu_link_active_background":"","ocean_menu_social_links_bg":"","ocean_menu_social_hover_links_bg":"","ocean_menu_social_links_color":"","ocean_menu_social_hover_links_color":"","ocean_disable_title":"default","ocean_disable_heading":"default","ocean_post_title":"","ocean_post_subheading":"","ocean_post_title_style":"","ocean_post_title_background_color":"","ocean_post_title_background":0,"ocean_post_title_bg_image_position":"","ocean_post_title_bg_image_attachment":"","ocean_post_title_bg_image_repeat":"","ocean_post_title_bg_image_size":"","ocean_post_title_height":0,"ocean_post_title_bg_overlay":0.5,"ocean_post_title_bg_overlay_color":"","ocean_disable_breadcrumbs":"default","ocean_breadcrumbs_color":"","ocean_breadcrumbs_separator_color":"","ocean_breadcrumbs_links_color":"","ocean_breadcrumbs_links_hover_color":"","ocean_display_footer_widgets":"default","ocean_display_footer_bottom":"default","ocean_custom_footer_template":"0","_joinchat":[]},"product_brand":[],"product_cat":[45,37],"product_tag":[],"class_list":{"0":"post-4506","1":"product","2":"type-product","3":"status-publish","4":"has-post-thumbnail","6":"product_cat-gemini","7":"product_cat-inteligencia-artificial","9":"entry","10":"has-media","12":"first","13":"instock","14":"sale","15":"virtual","16":"purchasable","17":"product-type-simple","18":"has-product-nav","19":"col","20":"span_1_of_4","21":"owp-content-center","22":"owp-thumbs-layout-horizontal","23":"owp-btn-normal","24":"owp-tabs-layout-horizontal","25":"has-no-thumbnails","27":"circle-sale"},"uagb_featured_image_src":{"full":["https:\/\/todogyh.com\/wp-content\/uploads\/2026\/03\/GEMINI-PRO-GEMINI-ENTERPRISE-1X1.png",2048,2048,false],"thumbnail":["https:\/\/todogyh.com\/wp-content\/uploads\/2026\/03\/GEMINI-PRO-GEMINI-ENTERPRISE-1X1-150x150.png",150,150,true],"medium":["https:\/\/todogyh.com\/wp-content\/uploads\/2026\/03\/GEMINI-PRO-GEMINI-ENTERPRISE-1X1-300x300.png",300,300,true],"medium_large":["https:\/\/todogyh.com\/wp-content\/uploads\/2026\/03\/GEMINI-PRO-GEMINI-ENTERPRISE-1X1-768x768.png",768,768,true],"large":["https:\/\/todogyh.com\/wp-content\/uploads\/2026\/03\/GEMINI-PRO-GEMINI-ENTERPRISE-1X1-1024x1024.png",1024,1024,true],"1536x1536":["https:\/\/todogyh.com\/wp-content\/uploads\/2026\/03\/GEMINI-PRO-GEMINI-ENTERPRISE-1X1-1536x1536.png",1536,1536,true],"2048x2048":["https:\/\/todogyh.com\/wp-content\/uploads\/2026\/03\/GEMINI-PRO-GEMINI-ENTERPRISE-1X1.png",2048,2048,false],"trp-custom-language-flag":["https:\/\/todogyh.com\/wp-content\/uploads\/2026\/03\/GEMINI-PRO-GEMINI-ENTERPRISE-1X1.png",12,12,false],"ocean-thumb-m":["https:\/\/todogyh.com\/wp-content\/uploads\/2026\/03\/GEMINI-PRO-GEMINI-ENTERPRISE-1X1-600x600.png",600,600,true],"ocean-thumb-ml":["https:\/\/todogyh.com\/wp-content\/uploads\/2026\/03\/GEMINI-PRO-GEMINI-ENTERPRISE-1X1-800x450.png",800,450,true],"ocean-thumb-l":["https:\/\/todogyh.com\/wp-content\/uploads\/2026\/03\/GEMINI-PRO-GEMINI-ENTERPRISE-1X1-1200x700.png",1200,700,true],"woocommerce_thumbnail":["https:\/\/todogyh.com\/wp-content\/uploads\/2026\/03\/GEMINI-PRO-GEMINI-ENTERPRISE-1X1-300x300.png",300,300,true],"woocommerce_single":["https:\/\/todogyh.com\/wp-content\/uploads\/2026\/03\/GEMINI-PRO-GEMINI-ENTERPRISE-1X1-600x600.png",600,600,true],"woocommerce_gallery_thumbnail":["https:\/\/todogyh.com\/wp-content\/uploads\/2026\/03\/GEMINI-PRO-GEMINI-ENTERPRISE-1X1-100x100.png",100,100,true]},"uagb_author_info":{"display_name":"todogyh@gmail.com","author_link":"https:\/\/todogyh.com\/en\/author\/"},"uagb_comment_info":0,"uagb_excerpt":"\ud83e\udd16\u00a0Adquiere una cuenta de GEMINI 3 PRO a trav\u00e9s de G\u00e9mini Enterprise. &nbsp; \ud83e\udd14\u00a0Si usas IA en pocas ocasiones, esta es tu oportunidad \ud83d\ude0c. Puedes tener acceso al\u00a0modelo de inteligencia artificial m\u00e1s potente de Google\u00a0a un precio econ\u00f3mico, y: \u2747\ufe0f\u00a0Generar o editar im\u00e1genes a partir de descripciones de texto o im\u00e1genes existentes. \u2747\ufe0f\u00a0Crear videos a&hellip;","_links":{"self":[{"href":"https:\/\/todogyh.com\/en\/wp-json\/wp\/v2\/product\/4506","targetHints":{"allow":["GET"]}}],"collection":[{"href":"https:\/\/todogyh.com\/en\/wp-json\/wp\/v2\/product"}],"about":[{"href":"https:\/\/todogyh.com\/en\/wp-json\/wp\/v2\/types\/product"}],"replies":[{"embeddable":true,"href":"https:\/\/todogyh.com\/en\/wp-json\/wp\/v2\/comments?post=4506"}],"wp:featuredmedia":[{"embeddable":true,"href":"https:\/\/todogyh.com\/en\/wp-json\/wp\/v2\/media\/4508"}],"wp:attachment":[{"href":"https:\/\/todogyh.com\/en\/wp-json\/wp\/v2\/media?parent=4506"}],"wp:term":[{"taxonomy":"product_brand","embeddable":true,"href":"https:\/\/todogyh.com\/en\/wp-json\/wp\/v2\/product_brand?post=4506"},{"taxonomy":"product_cat","embeddable":true,"href":"https:\/\/todogyh.com\/en\/wp-json\/wp\/v2\/product_cat?post=4506"},{"taxonomy":"product_tag","embeddable":true,"href":"https:\/\/todogyh.com\/en\/wp-json\/wp\/v2\/product_tag?post=4506"}],"curies":[{"name":"wp","href":"https:\/\/api.w.org\/{rel}","templated":true}]}}