{"id":4808,"date":"2026-04-18T03:27:56","date_gmt":"2026-04-18T08:27:56","guid":{"rendered":"https:\/\/todogyh.com\/?post_type=product&#038;p=4808"},"modified":"2026-04-30T12:43:32","modified_gmt":"2026-04-30T17:43:32","slug":"chatgpt-plus-4-business-con-tu-correo","status":"publish","type":"product","link":"https:\/\/todogyh.com\/en\/product\/chatgpt-plus-4-business-con-tu-correo\/","title":{"rendered":"IA-Chat Inteligente Plus 4 &#8211; Business con tu correo"},"content":{"rendered":"<p data-path-to-node=\"3\">\ud83e\udd16 <b data-path-to-node=\"3\" data-index-in-node=\"3\">CHATGPT PLUS (Plan Team\/Business) &#8211; \u00a1En tu propio correo!<\/b> \u2728<\/p>\n<p data-path-to-node=\"4\">Potencia tu productividad, estudios o negocio con la Inteligencia Artificial m\u00e1s avanzada del mundo. Olv\u00eddate de las cuentas compartidas y las contrase\u00f1as extra\u00f1as: te enviamos una invitaci\u00f3n oficial para que disfrutes de todos los beneficios de ChatGPT Plus <b data-path-to-node=\"4\" data-index-in-node=\"259\">directamente en tu correo personal<\/b>.<\/p>\n<p data-path-to-node=\"5\">\u2b50 <b data-path-to-node=\"5\" data-index-in-node=\"2\">\u00bfQu\u00e9 incluye este servicio?<\/b><\/p>\n<ul data-path-to-node=\"6\">\n<li>\n<p data-path-to-node=\"6,0,0\">\ud83d\ude80 <b data-path-to-node=\"6,0,0\" data-index-in-node=\"3\">Modelos Avanzados:<\/b> Acceso prioritario a GPT-5, GPT-5.2 y los modelos m\u00e1s r\u00e1pidos de OpenAI.<\/p>\n<\/li>\n<li>\n<p data-path-to-node=\"6,1,0\">\ud83c\udfa8 <b data-path-to-node=\"6,1,0\" data-index-in-node=\"3\">Creaci\u00f3n de Im\u00e1genes:<\/b> Uso ilimitado de DALL-E 3 para generar im\u00e1genes en segundos.<\/p>\n<\/li>\n<li>\n<p data-path-to-node=\"6,2,0\">\ud83d\udcca <b data-path-to-node=\"6,2,0\" data-index-in-node=\"3\">An\u00e1lisis de Datos:<\/b> Sube archivos, PDFs, Excel y documentos largos para resumirlos y analizarlos al instante.<\/p>\n<\/li>\n<li>\n<p data-path-to-node=\"6,3,0\">\ud83d\udd12 <b data-path-to-node=\"6,3,0\" data-index-in-node=\"3\">Privacidad Total (Espacio de Trabajo):<\/b> Aunque te unes a nuestro plan empresarial <b data-path-to-node=\"6,3,0\" data-index-in-node=\"84\">TODO G Y H<\/b>, tus chats son 100% privados. Nadie del equipo, ni los administradores, pueden leer tus conversaciones.<\/p>\n<\/li>\n<\/ul>\n<p data-path-to-node=\"7\">\ud83d\udda5\ufe0f <b data-path-to-node=\"7\" data-index-in-node=\"4\">\u00bfC\u00f3mo funciona la entrega?<\/b><\/p>\n<ol start=\"1\" data-path-to-node=\"8\">\n<li>\n<p data-path-to-node=\"8,0,0\">Realizas tu compra en la web.<\/p>\n<\/li>\n<li>\n<p data-path-to-node=\"8,1,0\">En la p\u00e1gina de pago (Checkout), escribe el <b data-path-to-node=\"8,1,0\" data-index-in-node=\"44\">correo electr\u00f3nico<\/b> que usas en OpenAI en la casilla de <i data-path-to-node=\"8,1,0\" data-index-in-node=\"99\">\u00abNotas del pedido\u00bb<\/i>.<\/p>\n<\/li>\n<li>\n<p data-path-to-node=\"8,2,0\">Recibir\u00e1s un correo oficial de OpenAI invit\u00e1ndote a unirte a nuestro espacio de trabajo.<\/p>\n<\/li>\n<li>\n<p data-path-to-node=\"8,3,0\">\u00a1Aceptas la invitaci\u00f3n y listo! Tu cuenta gratuita se convertir\u00e1 en Plus al instante y puedes usarla en cualquier dispositivo.<\/p>\n<\/li>\n<\/ol>\n<p data-path-to-node=\"9\">\ud83d\udccb <b data-path-to-node=\"9\" data-index-in-node=\"3\">T\u00e9rminos y Condiciones:<\/b><\/p>\n<ul data-path-to-node=\"10\">\n<li>\n<p data-path-to-node=\"10,0,0\">\u23f3 <b data-path-to-node=\"10,0,0\" data-index-in-node=\"2\">Duraci\u00f3n:<\/b> Acceso garantizado por <b data-path-to-node=\"10,0,0\" data-index-in-node=\"35\">1 mes<\/b> desde el momento en que se te env\u00eda la invitaci\u00f3n.<\/p>\n<\/li>\n<li>\n<p data-path-to-node=\"10,0,0\">\u27a1\ufe0f Este servicio ES RENOVABLE, cambiando a un nuevo equipo, seg\u00fan disponibilidad.<\/p>\n<\/li>\n<li>\n<p data-path-to-node=\"10,0,0\">\ud83d\udce7 <b data-path-to-node=\"10,1,0\" data-index-in-node=\"3\">Requisito:<\/b> Debes tener una cuenta gratuita de ChatGPT ya creada con el correo que nos proporciones.<\/p>\n<\/li>\n<li>\n<p data-path-to-node=\"10,2,0\">\u2705 <b data-path-to-node=\"10,2,0\" data-index-in-node=\"2\">Garant\u00eda TODO GYH:<\/b> Soporte activo por WhatsApp ante cualquier inconveniente con la invitaci\u00f3n o el espacio de trabajo.<\/p>\n<\/li>\n<li>\n<p data-path-to-node=\"10,3,0\">\u274c <b data-path-to-node=\"10,3,0\" data-index-in-node=\"2\">Condiciones de uso:<\/b> Las pol\u00edticas de OpenAI proh\u00edben la generaci\u00f3n de contenido ilegal. Si OPEN AI detecta actividad inusual en las cuentas, podr\u00eda desactivar todo el equipo, igual nosotros asumimos la garant\u00eda de reemplazo o reembolso, seg\u00fan disponibilidad. El bloqueo de la cuenta por mal uso anula la garant\u00eda.<\/p>\n<\/li>\n<\/ul>","protected":false},"excerpt":{"rendered":"<p>\ud83e\udd16 CHATGPT PLUS (Plan Team\/Business) &#8211; \u00a1En tu propio correo! \u2728 Potencia tu productividad, estudios o negocio con la Inteligencia Artificial m\u00e1s avanzada del mundo. Olv\u00eddate de las cuentas compartidas y las contrase\u00f1as extra\u00f1as: te enviamos una invitaci\u00f3n oficial para que disfrutes de todos los beneficios de ChatGPT Plus directamente en tu correo personal. \u2b50 [&hellip;]<\/p>\n","protected":false},"featured_media":4812,"comment_status":"open","ping_status":"closed","template":"","meta":{"_uag_custom_page_level_css":"","ocean_post_layout":"","ocean_both_sidebars_style":"","ocean_both_sidebars_content_width":0,"ocean_both_sidebars_sidebars_width":0,"ocean_sidebar":"0","ocean_second_sidebar":"0","ocean_disable_margins":"enable","ocean_add_body_class":"","ocean_shortcode_before_top_bar":"","ocean_shortcode_after_top_bar":"","ocean_shortcode_before_header":"","ocean_shortcode_after_header":"","ocean_has_shortcode":"","ocean_shortcode_after_title":"","ocean_shortcode_before_footer_widgets":"","ocean_shortcode_after_footer_widgets":"","ocean_shortcode_before_footer_bottom":"","ocean_shortcode_after_footer_bottom":"","ocean_display_top_bar":"default","ocean_display_header":"default","ocean_header_style":"","ocean_center_header_left_menu":"0","ocean_custom_header_template":"0","ocean_custom_logo":0,"ocean_custom_retina_logo":0,"ocean_custom_logo_max_width":0,"ocean_custom_logo_tablet_max_width":0,"ocean_custom_logo_mobile_max_width":0,"ocean_custom_logo_max_height":0,"ocean_custom_logo_tablet_max_height":0,"ocean_custom_logo_mobile_max_height":0,"ocean_header_custom_menu":"0","ocean_menu_typo_font_family":"0","ocean_menu_typo_font_subset":"","ocean_menu_typo_font_size":0,"ocean_menu_typo_font_size_tablet":0,"ocean_menu_typo_font_size_mobile":0,"ocean_menu_typo_font_size_unit":"px","ocean_menu_typo_font_weight":"","ocean_menu_typo_font_weight_tablet":"","ocean_menu_typo_font_weight_mobile":"","ocean_menu_typo_transform":"","ocean_menu_typo_transform_tablet":"","ocean_menu_typo_transform_mobile":"","ocean_menu_typo_line_height":0,"ocean_menu_typo_line_height_tablet":0,"ocean_menu_typo_line_height_mobile":0,"ocean_menu_typo_line_height_unit":"","ocean_menu_typo_spacing":0,"ocean_menu_typo_spacing_tablet":0,"ocean_menu_typo_spacing_mobile":0,"ocean_menu_typo_spacing_unit":"","ocean_menu_link_color":"","ocean_menu_link_color_hover":"","ocean_menu_link_color_active":"","ocean_menu_link_background":"","ocean_menu_link_hover_background":"","ocean_menu_link_active_background":"","ocean_menu_social_links_bg":"","ocean_menu_social_hover_links_bg":"","ocean_menu_social_links_color":"","ocean_menu_social_hover_links_color":"","ocean_disable_title":"default","ocean_disable_heading":"default","ocean_post_title":"","ocean_post_subheading":"","ocean_post_title_style":"","ocean_post_title_background_color":"","ocean_post_title_background":0,"ocean_post_title_bg_image_position":"","ocean_post_title_bg_image_attachment":"","ocean_post_title_bg_image_repeat":"","ocean_post_title_bg_image_size":"","ocean_post_title_height":0,"ocean_post_title_bg_overlay":0.5,"ocean_post_title_bg_overlay_color":"","ocean_disable_breadcrumbs":"default","ocean_breadcrumbs_color":"","ocean_breadcrumbs_separator_color":"","ocean_breadcrumbs_links_color":"","ocean_breadcrumbs_links_hover_color":"","ocean_display_footer_widgets":"default","ocean_display_footer_bottom":"default","ocean_custom_footer_template":"0","_joinchat":[]},"product_brand":[],"product_cat":[37,46],"product_tag":[],"class_list":{"0":"post-4808","1":"product","2":"type-product","3":"status-publish","4":"has-post-thumbnail","6":"product_cat-inteligencia-artificial","7":"product_cat-open-ai","9":"entry","10":"has-media","12":"first","13":"instock","14":"virtual","15":"purchasable","16":"product-type-simple","17":"has-product-nav","18":"col","19":"span_1_of_4","20":"owp-content-center","21":"owp-thumbs-layout-horizontal","22":"owp-btn-normal","23":"owp-tabs-layout-horizontal","24":"has-no-thumbnails","26":"circle-sale"},"uagb_featured_image_src":{"full":["https:\/\/todogyh.com\/wp-content\/uploads\/2026\/04\/CHATGPT-PLUS-4-Business-con-tu-correo.png",2048,2048,false],"thumbnail":["https:\/\/todogyh.com\/wp-content\/uploads\/2026\/04\/CHATGPT-PLUS-4-Business-con-tu-correo-150x150.png",150,150,true],"medium":["https:\/\/todogyh.com\/wp-content\/uploads\/2026\/04\/CHATGPT-PLUS-4-Business-con-tu-correo-300x300.png",300,300,true],"medium_large":["https:\/\/todogyh.com\/wp-content\/uploads\/2026\/04\/CHATGPT-PLUS-4-Business-con-tu-correo-768x768.png",768,768,true],"large":["https:\/\/todogyh.com\/wp-content\/uploads\/2026\/04\/CHATGPT-PLUS-4-Business-con-tu-correo-1024x1024.png",1024,1024,true],"1536x1536":["https:\/\/todogyh.com\/wp-content\/uploads\/2026\/04\/CHATGPT-PLUS-4-Business-con-tu-correo-1536x1536.png",1536,1536,true],"2048x2048":["https:\/\/todogyh.com\/wp-content\/uploads\/2026\/04\/CHATGPT-PLUS-4-Business-con-tu-correo.png",2048,2048,false],"trp-custom-language-flag":["https:\/\/todogyh.com\/wp-content\/uploads\/2026\/04\/CHATGPT-PLUS-4-Business-con-tu-correo-12x12.png",12,12,true],"ocean-thumb-m":["https:\/\/todogyh.com\/wp-content\/uploads\/2026\/04\/CHATGPT-PLUS-4-Business-con-tu-correo-600x600.png",600,600,true],"ocean-thumb-ml":["https:\/\/todogyh.com\/wp-content\/uploads\/2026\/04\/CHATGPT-PLUS-4-Business-con-tu-correo-800x450.png",800,450,true],"ocean-thumb-l":["https:\/\/todogyh.com\/wp-content\/uploads\/2026\/04\/CHATGPT-PLUS-4-Business-con-tu-correo-1200x700.png",1200,700,true],"woocommerce_thumbnail":["https:\/\/todogyh.com\/wp-content\/uploads\/2026\/04\/CHATGPT-PLUS-4-Business-con-tu-correo-300x300.png",300,300,true],"woocommerce_single":["https:\/\/todogyh.com\/wp-content\/uploads\/2026\/04\/CHATGPT-PLUS-4-Business-con-tu-correo-600x600.png",600,600,true],"woocommerce_gallery_thumbnail":["https:\/\/todogyh.com\/wp-content\/uploads\/2026\/04\/CHATGPT-PLUS-4-Business-con-tu-correo-100x100.png",100,100,true]},"uagb_author_info":{"display_name":"todogyh@gmail.com","author_link":"https:\/\/todogyh.com\/en\/author\/"},"uagb_comment_info":0,"uagb_excerpt":"\ud83e\udd16 CHATGPT PLUS (Plan Team\/Business) &#8211; \u00a1En tu propio correo! \u2728 Potencia tu productividad, estudios o negocio con la Inteligencia Artificial m\u00e1s avanzada del mundo. Olv\u00eddate de las cuentas compartidas y las contrase\u00f1as extra\u00f1as: te enviamos una invitaci\u00f3n oficial para que disfrutes de todos los beneficios de ChatGPT Plus directamente en tu correo personal. \u2b50&hellip;","_links":{"self":[{"href":"https:\/\/todogyh.com\/en\/wp-json\/wp\/v2\/product\/4808","targetHints":{"allow":["GET"]}}],"collection":[{"href":"https:\/\/todogyh.com\/en\/wp-json\/wp\/v2\/product"}],"about":[{"href":"https:\/\/todogyh.com\/en\/wp-json\/wp\/v2\/types\/product"}],"replies":[{"embeddable":true,"href":"https:\/\/todogyh.com\/en\/wp-json\/wp\/v2\/comments?post=4808"}],"wp:featuredmedia":[{"embeddable":true,"href":"https:\/\/todogyh.com\/en\/wp-json\/wp\/v2\/media\/4812"}],"wp:attachment":[{"href":"https:\/\/todogyh.com\/en\/wp-json\/wp\/v2\/media?parent=4808"}],"wp:term":[{"taxonomy":"product_brand","embeddable":true,"href":"https:\/\/todogyh.com\/en\/wp-json\/wp\/v2\/product_brand?post=4808"},{"taxonomy":"product_cat","embeddable":true,"href":"https:\/\/todogyh.com\/en\/wp-json\/wp\/v2\/product_cat?post=4808"},{"taxonomy":"product_tag","embeddable":true,"href":"https:\/\/todogyh.com\/en\/wp-json\/wp\/v2\/product_tag?post=4808"}],"curies":[{"name":"wp","href":"https:\/\/api.w.org\/{rel}","templated":true}]}}